{"id":306,"date":"2024-08-05T12:13:11","date_gmt":"2024-08-05T11:13:11","guid":{"rendered":"https:\/\/www.m2-builders.com\/our-services\/"},"modified":"2024-10-04T10:27:50","modified_gmt":"2024-10-04T09:27:50","slug":"vi-tilbyder","status":"publish","type":"page","link":"https:\/\/www.m2builders.com\/da\/vi-tilbyder\/","title":{"rendered":"VI TILBYDER"},"content":{"rendered":"\t\t<div data-elementor-type=\"wp-page\" data-elementor-id=\"306\" class=\"elementor elementor-306 elementor-9\" data-elementor-post-type=\"page\">\n\t\t\t\t<div class=\"elementor-element elementor-element-be9a9ac e-flex e-con-boxed e-con e-parent\" data-id=\"be9a9ac\" data-element_type=\"container\" data-e-type=\"container\">\n\t\t\t\t\t<div class=\"e-con-inner\">\n\t\t\t\t<div class=\"elementor-element elementor-element-8d6b8f5 elementor-invisible elementor-widget elementor-widget-heading\" data-id=\"8d6b8f5\" data-element_type=\"widget\" data-e-type=\"widget\" data-settings=\"{&quot;_animation&quot;:&quot;slideInDown&quot;}\" data-widget_type=\"heading.default\">\n\t\t\t\t<div class=\"elementor-widget-container\">\n\t\t\t\t\t<h1 class=\"elementor-heading-title elementor-size-default\">VI TILBYDER <\/h1>\t\t\t\t<\/div>\n\t\t\t\t<\/div>\n\t\t\t\t\t<\/div>\n\t\t\t\t<\/div>\n\t\t<div class=\"elementor-element elementor-element-d5cd7af e-flex e-con-boxed e-con e-parent\" data-id=\"d5cd7af\" data-element_type=\"container\" data-e-type=\"container\">\n\t\t\t\t\t<div class=\"e-con-inner\">\n\t\t\t\t<div class=\"elementor-element elementor-element-690c0a9 elementor-widget__width-initial elementor-invisible elementor-widget elementor-widget-text-editor\" data-id=\"690c0a9\" data-element_type=\"widget\" data-e-type=\"widget\" data-settings=\"{&quot;_animation&quot;:&quot;slideInUp&quot;}\" data-widget_type=\"text-editor.default\">\n\t\t\t\t<div class=\"elementor-widget-container\">\n\t\t\t\t\t\t\t\t\t<p>N\u00e5r man p\u00e5tager sig et bygge- eller renoveringsprojekt, er det vigtigt at samarbejde med en virksomhed med kendskab til lokalomr\u00e5det og planbestemmelser. m2Builders&#8217; team er fuldt fortrolige med alle lokale planl\u00e6gnings- og licenskrav og kan styre alle aspekter af projektet.<\/p><p>Vores m\u00e5l er at levere nybyggeri af h\u00f8j kvalitet og transformative renoveringer, der vil innovere, begejstre og st\u00e5 tidens tand.<\/p>\t\t\t\t\t\t\t\t<\/div>\n\t\t\t\t<\/div>\n\t\t\t\t<div class=\"elementor-element elementor-element-0fd3e94 elementor-widget elementor-widget-spacer\" data-id=\"0fd3e94\" data-element_type=\"widget\" data-e-type=\"widget\" data-widget_type=\"spacer.default\">\n\t\t\t\t<div class=\"elementor-widget-container\">\n\t\t\t\t\t\t\t<div class=\"elementor-spacer\">\n\t\t\t<div class=\"elementor-spacer-inner\"><\/div>\n\t\t<\/div>\n\t\t\t\t\t\t<\/div>\n\t\t\t\t<\/div>\n\t\t\t\t<div class=\"elementor-element elementor-element-4f3e62d elementor-widget elementor-widget-spacer\" data-id=\"4f3e62d\" data-element_type=\"widget\" data-e-type=\"widget\" data-widget_type=\"spacer.default\">\n\t\t\t\t<div class=\"elementor-widget-container\">\n\t\t\t\t\t\t\t<div class=\"elementor-spacer\">\n\t\t\t<div class=\"elementor-spacer-inner\"><\/div>\n\t\t<\/div>\n\t\t\t\t\t\t<\/div>\n\t\t\t\t<\/div>\n\t\t\t\t\t<\/div>\n\t\t\t\t<\/div>\n\t\t<div class=\"elementor-element elementor-element-df1932c e-flex e-con-boxed e-con e-parent\" data-id=\"df1932c\" data-element_type=\"container\" data-e-type=\"container\">\n\t\t\t\t\t<div class=\"e-con-inner\">\n\t\t<div class=\"elementor-element elementor-element-dafd9ce e-con-full e-flex e-con e-child\" data-id=\"dafd9ce\" data-element_type=\"container\" data-e-type=\"container\">\n\t\t\t\t<div class=\"elementor-element elementor-element-5f2ce0a elementor-widget elementor-widget-image\" data-id=\"5f2ce0a\" data-element_type=\"widget\" data-e-type=\"widget\" data-widget_type=\"image.default\">\n\t\t\t\t<div class=\"elementor-widget-container\">\n\t\t\t\t\t\t\t\t\t\t\t\t\t\t\t<img fetchpriority=\"high\" decoding=\"async\" width=\"657\" height=\"907\" src=\"https:\/\/www.m2builders.com\/wp-content\/uploads\/2024\/08\/8-Copy.jpg\" class=\"attachment-large size-large wp-image-237\" alt=\"Expert construction work\" srcset=\"https:\/\/www.m2builders.com\/wp-content\/uploads\/2024\/08\/8-Copy.jpg 657w, https:\/\/www.m2builders.com\/wp-content\/uploads\/2024\/08\/8-Copy-217x300.jpg 217w\" sizes=\"(max-width: 657px) 100vw, 657px\" \/>\t\t\t\t\t\t\t\t\t\t\t\t\t\t\t<\/div>\n\t\t\t\t<\/div>\n\t\t\t\t<\/div>\n\t\t<div class=\"elementor-element elementor-element-0e001ae e-con-full e-flex e-con e-child\" data-id=\"0e001ae\" data-element_type=\"container\" data-e-type=\"container\">\n\t\t\t\t<div class=\"elementor-element elementor-element-56d67ba elementor-widget elementor-widget-heading\" data-id=\"56d67ba\" data-element_type=\"widget\" data-e-type=\"widget\" data-widget_type=\"heading.default\">\n\t\t\t\t<div class=\"elementor-widget-container\">\n\t\t\t\t\t<h2 class=\"elementor-heading-title elementor-size-default\">Byggeri<\/h2>\t\t\t\t<\/div>\n\t\t\t\t<\/div>\n\t\t\t\t<div class=\"elementor-element elementor-element-3057769 elementor-align-left elementor-widget elementor-widget-button\" data-id=\"3057769\" data-element_type=\"widget\" data-e-type=\"widget\" data-widget_type=\"button.default\">\n\t\t\t\t<div class=\"elementor-widget-container\">\n\t\t\t\t\t\t\t\t\t<div class=\"elementor-button-wrapper\">\n\t\t\t\t\t<a class=\"elementor-button elementor-button-link elementor-size-sm\" href=\"#elementor-action%3Aaction%3Dpopup%3Aopen%26settings%3DeyJpZCI6MzUwLCJ0b2dnbGUiOmZhbHNlfQ%3D%3D\">\n\t\t\t\t\t\t<span class=\"elementor-button-content-wrapper\">\n\t\t\t\t\t\t\t\t\t<span class=\"elementor-button-text\">BESTIL ET M\u00d8DE<\/span>\n\t\t\t\t\t<\/span>\n\t\t\t\t\t<\/a>\n\t\t\t\t<\/div>\n\t\t\t\t\t\t\t\t<\/div>\n\t\t\t\t<\/div>\n\t\t\t\t<div class=\"elementor-element elementor-element-7224eef elementor-widget elementor-widget-text-editor\" data-id=\"7224eef\" data-element_type=\"widget\" data-e-type=\"widget\" data-widget_type=\"text-editor.default\">\n\t\t\t\t<div class=\"elementor-widget-container\">\n\t\t\t\t\t\t\t\t\t<p>m2Builders har ry for at levere exceptionelt og innovativt nybyggeri. Vores erfarne team opererer i hele Marbella og den bredere Costa del Sol og leverer byggerier af h\u00f8j kvalitet.<\/p><p>Vi tror p\u00e5 perfektion og ingen detaljer er for sm\u00e5, m2Builders vil tage sig af alt. Vi vil sikre, at alle love, regler og retningslinjer bliver overholdt, at stedet er forberedt, og at projektet ledes pr\u00e6cist gennem alle stadier. Uanset typen af projekt, indvendige eller udvendige renoveringer eller en ny konstruktion, vil vi holde dig orienteret om alle udviklinger, samtidig med at vi driver projektet fremad hurtigt og effektivt.<\/p><p>\u2022 H\u00e5ndv\u00e6rk af h\u00f8j kvalitet<br \/>\u2022 Skr\u00e6ddersyede design- og konstruktionsl\u00f8sninger<br \/>\u2022 Professionel projektledelse<br \/>\u2022 Erfarne internationale h\u00e5ndv\u00e6rkere<br \/>\u2022 Klar kundekommunikation<br \/>\u2022 Hurtig og effektiv afslutning<br \/>\u2022 B\u00e6redygtige byggeteknikker<\/p>\t\t\t\t\t\t\t\t<\/div>\n\t\t\t\t<\/div>\n\t\t\t\t<\/div>\n\t\t\t\t\t<\/div>\n\t\t\t\t<\/div>\n\t\t<div class=\"elementor-element elementor-element-d8577ac e-flex e-con-boxed e-con e-parent\" data-id=\"d8577ac\" data-element_type=\"container\" data-e-type=\"container\" data-settings=\"{&quot;background_background&quot;:&quot;classic&quot;}\">\n\t\t\t\t\t<div class=\"e-con-inner\">\n\t\t\t\t<div class=\"elementor-element elementor-element-4e637b1 elementor-invisible elementor-widget elementor-widget-image\" data-id=\"4e637b1\" data-element_type=\"widget\" data-e-type=\"widget\" data-settings=\"{&quot;_animation&quot;:&quot;swing&quot;}\" data-widget_type=\"image.default\">\n\t\t\t\t<div class=\"elementor-widget-container\">\n\t\t\t\t\t\t\t\t\t\t\t\t\t\t\t<img decoding=\"async\" src=\"https:\/\/www.m2builders.com\/wp-content\/uploads\/2024\/08\/Mask-Group-492.png\" title=\"Mask Group 492\" alt=\"M2Builder\" loading=\"lazy\" \/>\t\t\t\t\t\t\t\t\t\t\t\t\t\t\t<\/div>\n\t\t\t\t<\/div>\n\t\t\t\t<div class=\"elementor-element elementor-element-9200421 elementor-widget__width-initial elementor-invisible elementor-widget elementor-widget-heading\" data-id=\"9200421\" data-element_type=\"widget\" data-e-type=\"widget\" data-settings=\"{&quot;_animation&quot;:&quot;fadeInUp&quot;}\" data-widget_type=\"heading.default\">\n\t\t\t\t<div class=\"elementor-widget-container\">\n\t\t\t\t\t<h2 class=\"elementor-heading-title elementor-size-default\">Detaljerede personlige tilbud<\/h2>\t\t\t\t<\/div>\n\t\t\t\t<\/div>\n\t\t\t\t<div class=\"elementor-element elementor-element-75fb773 elementor-widget__width-initial elementor-invisible elementor-widget elementor-widget-text-editor\" data-id=\"75fb773\" data-element_type=\"widget\" data-e-type=\"widget\" data-settings=\"{&quot;_animation&quot;:&quot;slideInUp&quot;}\" data-widget_type=\"text-editor.default\">\n\t\t\t\t<div class=\"elementor-widget-container\">\n\t\t\t\t\t\t\t\t\t<p>Ethvert vellykket renoverings- og byggeprojekt er afh\u00e6ngig af klar kommunikation<br \/>for at sikre, at alle parter fuldt ud forst\u00e5r projektet, processerne og prisen.<br \/>Det er grunden til, at m2Builders giver alle kunder specificerede tilbud, med fotografier, detaljerede beskrivelser af projektet og de tilh\u00f8rende omkostninger.<\/p><p>N\u00e5r dit tilbud er aftalt, garanterer vi, at det er den pris, du betaler!<\/p>\t\t\t\t\t\t\t\t<\/div>\n\t\t\t\t<\/div>\n\t\t\t\t\t<\/div>\n\t\t\t\t<\/div>\n\t\t<div class=\"elementor-element elementor-element-5b34a4a e-flex e-con-boxed e-con e-parent\" data-id=\"5b34a4a\" data-element_type=\"container\" data-e-type=\"container\">\n\t\t\t\t\t<div class=\"e-con-inner\">\n\t\t<div class=\"elementor-element elementor-element-1315d9c e-con-full e-flex e-con e-child\" data-id=\"1315d9c\" data-element_type=\"container\" data-e-type=\"container\">\n\t\t\t\t<div class=\"elementor-element elementor-element-e7f821a elementor-widget elementor-widget-image\" data-id=\"e7f821a\" data-element_type=\"widget\" data-e-type=\"widget\" data-widget_type=\"image.default\">\n\t\t\t\t<div class=\"elementor-widget-container\">\n\t\t\t\t\t\t\t\t\t\t\t\t\t\t\t<img decoding=\"async\" width=\"657\" height=\"1302\" src=\"https:\/\/www.m2builders.com\/wp-content\/uploads\/2024\/08\/Helmet-with-logo.jpg\" class=\"attachment-full size-full wp-image-239\" alt=\"Full-service renovations\" srcset=\"https:\/\/www.m2builders.com\/wp-content\/uploads\/2024\/08\/Helmet-with-logo.jpg 657w, https:\/\/www.m2builders.com\/wp-content\/uploads\/2024\/08\/Helmet-with-logo-151x300.jpg 151w, https:\/\/www.m2builders.com\/wp-content\/uploads\/2024\/08\/Helmet-with-logo-517x1024.jpg 517w\" sizes=\"(max-width: 657px) 100vw, 657px\" \/>\t\t\t\t\t\t\t\t\t\t\t\t\t\t\t<\/div>\n\t\t\t\t<\/div>\n\t\t\t\t<\/div>\n\t\t<div class=\"elementor-element elementor-element-efad8ef e-con-full e-flex e-con e-child\" data-id=\"efad8ef\" data-element_type=\"container\" data-e-type=\"container\">\n\t\t\t\t<div class=\"elementor-element elementor-element-0d7f277 elementor-widget elementor-widget-heading\" data-id=\"0d7f277\" data-element_type=\"widget\" data-e-type=\"widget\" data-widget_type=\"heading.default\">\n\t\t\t\t<div class=\"elementor-widget-container\">\n\t\t\t\t\t<h2 class=\"elementor-heading-title elementor-size-default\">Total renovering<\/h2>\t\t\t\t<\/div>\n\t\t\t\t<\/div>\n\t\t\t\t<div class=\"elementor-element elementor-element-551d9db elementor-align-left elementor-widget elementor-widget-button\" data-id=\"551d9db\" data-element_type=\"widget\" data-e-type=\"widget\" data-widget_type=\"button.default\">\n\t\t\t\t<div class=\"elementor-widget-container\">\n\t\t\t\t\t\t\t\t\t<div class=\"elementor-button-wrapper\">\n\t\t\t\t\t<a class=\"elementor-button elementor-button-link elementor-size-sm\" href=\"#elementor-action%3Aaction%3Dpopup%3Aopen%26settings%3DeyJpZCI6MzUwLCJ0b2dnbGUiOmZhbHNlfQ%3D%3D\">\n\t\t\t\t\t\t<span class=\"elementor-button-content-wrapper\">\n\t\t\t\t\t\t\t\t\t<span class=\"elementor-button-text\">BESTIL ET M\u00d8DE<\/span>\n\t\t\t\t\t<\/span>\n\t\t\t\t\t<\/a>\n\t\t\t\t<\/div>\n\t\t\t\t\t\t\t\t<\/div>\n\t\t\t\t<\/div>\n\t\t\t\t<div class=\"elementor-element elementor-element-a23d80d elementor-widget elementor-widget-text-editor\" data-id=\"a23d80d\" data-element_type=\"widget\" data-e-type=\"widget\" data-widget_type=\"text-editor.default\">\n\t\t\t\t<div class=\"elementor-widget-container\">\n\t\t\t\t\t\t\t\t\t<p>Hvis du allerede ejer en ejendom og gerne vil forbedre eller udvide for at f\u00e5 den til at afspejle din smag og din families krav, kan m2Builders hj\u00e6lpe.\u00a0<\/p><p>Vi forst\u00e5r, at et af de vigtigste elementer i ethvert renoveringsprojekt er kommunikation. Vi arbejder t\u00e6t sammen med dig for at f\u00e5 en klar forst\u00e5else af dine behow, personlige pr\u00e6ferencer og budget. Udelukkende baseret p\u00e5 dine krav, aftaler vi en handlingsplan, der d\u00e6kker eventuelle \u00e6ndringer af strukturen, udvidelse af rummet og \u00e6ndringer af grundplanen.<\/p><p>Vores professionelle projektledere tager sig af alle aspekter. De sikrer at materialer bestilles, entrepren\u00f8rer er booket og s\u00f8rge for, at alle n\u00f8dvendige tilladelser er p\u00e5 plads, og derved reduceres risikoen for potentielle forsinkelser og deraf f\u00f8lgende omkostningsoverskridelser.<\/p><p>Bygningst\u00f8rring<\/p><p>I varme klimaer som Spanien er det ikke ualmindeligt, at \u00e6ldre ejendomme (og nogle nye huse!) lider af fugt og vand p\u00e5 grund af kraftig nedb\u00f8r og oversv\u00f8mmelser, som ikke kan t\u00f8rres af solskin alene. En ejendom kan tilbageholde tusindvis af liter vand, hvilket kan give problemer under renoveringen, og uden det n\u00f8dvendige t\u00f8rreudstyr kan byggeprojekter blive flere uger forsinket. m2Builders anvender det nyeste tekniske udstyr til at t\u00f8rre de ber\u00f8rte omr\u00e5der og derved forhindre un\u00f8dvendige forsinkelser.<\/p><p>\u2022 Klar kommunikation <br \/>\u2022 H\u00e5ndv\u00e6rk af h\u00f8j kvalitet<br \/>\u2022 Projektledelse til afslutning<br \/>\u2022 Erfarne internationale h\u00e5ndv\u00e6rkere<br \/>\u2022 Interne ingeni\u00f8rer og arkitekter<br \/>\u2022 Skr\u00e6ddersyede designs<br \/>\u2022 Bygningst\u00f8rring<\/p>\t\t\t\t\t\t\t\t<\/div>\n\t\t\t\t<\/div>\n\t\t\t\t<\/div>\n\t\t\t\t\t<\/div>\n\t\t\t\t<\/div>\n\t\t<div class=\"elementor-element elementor-element-22ea5a2 e-flex e-con-boxed e-con e-parent\" data-id=\"22ea5a2\" data-element_type=\"container\" data-e-type=\"container\" data-settings=\"{&quot;background_background&quot;:&quot;classic&quot;}\">\n\t\t\t\t\t<div class=\"e-con-inner\">\n\t\t\t\t<div class=\"elementor-element elementor-element-dea4b70 elementor-invisible elementor-widget elementor-widget-image\" data-id=\"dea4b70\" data-element_type=\"widget\" data-e-type=\"widget\" data-settings=\"{&quot;_animation&quot;:&quot;swing&quot;}\" data-widget_type=\"image.default\">\n\t\t\t\t<div class=\"elementor-widget-container\">\n\t\t\t\t\t\t\t\t\t\t\t\t\t\t\t<img decoding=\"async\" src=\"https:\/\/www.m2builders.com\/wp-content\/uploads\/2024\/08\/Mask-Group-492.png\" title=\"Mask Group 492\" alt=\"M2Builder\" loading=\"lazy\" \/>\t\t\t\t\t\t\t\t\t\t\t\t\t\t\t<\/div>\n\t\t\t\t<\/div>\n\t\t\t\t<div class=\"elementor-element elementor-element-a86d560 elementor-widget__width-initial elementor-invisible elementor-widget elementor-widget-heading\" data-id=\"a86d560\" data-element_type=\"widget\" data-e-type=\"widget\" data-settings=\"{&quot;_animation&quot;:&quot;fadeInUp&quot;}\" data-widget_type=\"heading.default\">\n\t\t\t\t<div class=\"elementor-widget-container\">\n\t\t\t\t\t<h2 class=\"elementor-heading-title elementor-size-default\">B\u00e6redygtig arkitektur og byggeri<\/h2>\t\t\t\t<\/div>\n\t\t\t\t<\/div>\n\t\t\t\t<div class=\"elementor-element elementor-element-861e23a elementor-widget__width-initial elementor-invisible elementor-widget elementor-widget-text-editor\" data-id=\"861e23a\" data-element_type=\"widget\" data-e-type=\"widget\" data-settings=\"{&quot;_animation&quot;:&quot;slideInUp&quot;}\" data-widget_type=\"text-editor.default\">\n\t\t\t\t<div class=\"elementor-widget-container\">\n\t\t\t\t\t\t\t\t\t<p>m2Builders sigter mod at bruge metoder og materialer, der vil bidrage til at opn\u00e5 st\u00f8rre energieffektivitet og holdbarhed, sikre komfort, samtidig med at milj\u00f8et sk\u00e5nes og energibesparende l\u00f8sninger opn\u00e5s. Vi bruger de nyeste innovationer og materialer til at opn\u00e5 bedre termisk og akustisk isolering,\u00a0 perfekt tilpasset middelhavsklimaet.<\/p>\t\t\t\t\t\t\t\t<\/div>\n\t\t\t\t<\/div>\n\t\t\t\t\t<\/div>\n\t\t\t\t<\/div>\n\t\t<div class=\"elementor-element elementor-element-6dd9d1b animated-slow e-flex e-con-boxed elementor-invisible e-con e-parent\" data-id=\"6dd9d1b\" data-element_type=\"container\" data-e-type=\"container\" data-settings=\"{&quot;animation&quot;:&quot;zoomIn&quot;}\">\n\t\t\t\t\t<div class=\"e-con-inner\">\n\t\t\t\t<div class=\"elementor-element elementor-element-f7639e1 elementor-widget elementor-widget-heading\" data-id=\"f7639e1\" data-element_type=\"widget\" data-e-type=\"widget\" data-widget_type=\"heading.default\">\n\t\t\t\t<div class=\"elementor-widget-container\">\n\t\t\t\t\t<h2 class=\"elementor-heading-title elementor-size-default\">3 enkle trin<\/h2>\t\t\t\t<\/div>\n\t\t\t\t<\/div>\n\t\t\t\t<div class=\"elementor-element elementor-element-5cfc8b7 elementor-widget__width-initial elementor-widget elementor-widget-heading\" data-id=\"5cfc8b7\" data-element_type=\"widget\" data-e-type=\"widget\" data-widget_type=\"heading.default\">\n\t\t\t\t<div class=\"elementor-widget-container\">\n\t\t\t\t\t<h2 class=\"elementor-heading-title elementor-size-default\">Start dit nybyggeri eller renoveringsprojekt med m2Builders. Det kunne ikke v\u00e6re nemmere, kontakt os for at fort\u00e6lle os om dit projekt.<\/h2>\t\t\t\t<\/div>\n\t\t\t\t<\/div>\n\t\t\t\t\t<\/div>\n\t\t\t\t<\/div>\n\t\t<div class=\"elementor-element elementor-element-7cb01c1 e-flex e-con-boxed e-con e-parent\" data-id=\"7cb01c1\" data-element_type=\"container\" data-e-type=\"container\">\n\t\t\t\t\t<div class=\"e-con-inner\">\n\t\t<div class=\"elementor-element elementor-element-c102d41 e-con-full animated-slow e-flex elementor-invisible e-con e-child\" data-id=\"c102d41\" data-element_type=\"container\" data-e-type=\"container\" data-settings=\"{&quot;background_background&quot;:&quot;classic&quot;,&quot;animation&quot;:&quot;slideInRight&quot;}\">\n\t\t\t\t<div class=\"elementor-element elementor-element-3334edf elementor-widget elementor-widget-image\" data-id=\"3334edf\" data-element_type=\"widget\" data-e-type=\"widget\" data-widget_type=\"image.default\">\n\t\t\t\t<div class=\"elementor-widget-container\">\n\t\t\t\t\t\t\t\t\t\t\t\t\t\t\t<img decoding=\"async\" width=\"425\" height=\"233\" src=\"https:\/\/www.m2builders.com\/wp-content\/uploads\/2024\/08\/shutterstock_1429520393.jpg\" class=\"attachment-full size-full wp-image-241\" alt=\"Construction of houses\" srcset=\"https:\/\/www.m2builders.com\/wp-content\/uploads\/2024\/08\/shutterstock_1429520393.jpg 425w, https:\/\/www.m2builders.com\/wp-content\/uploads\/2024\/08\/shutterstock_1429520393-300x164.jpg 300w\" sizes=\"(max-width: 425px) 100vw, 425px\" \/>\t\t\t\t\t\t\t\t\t\t\t\t\t\t\t<\/div>\n\t\t\t\t<\/div>\n\t\t\t\t<div class=\"elementor-element elementor-element-81145c9 elementor-widget elementor-widget-heading\" data-id=\"81145c9\" data-element_type=\"widget\" data-e-type=\"widget\" data-widget_type=\"heading.default\">\n\t\t\t\t<div class=\"elementor-widget-container\">\n\t\t\t\t\t<h2 class=\"elementor-heading-title elementor-size-default\"><span class=\"number-blue\">1<\/span><\/h2>\t\t\t\t<\/div>\n\t\t\t\t<\/div>\n\t\t\t\t<div class=\"elementor-element elementor-element-5a39a78 elementor-widget elementor-widget-heading\" data-id=\"5a39a78\" data-element_type=\"widget\" data-e-type=\"widget\" data-widget_type=\"heading.default\">\n\t\t\t\t<div class=\"elementor-widget-container\">\n\t\t\t\t\t<h2 class=\"elementor-heading-title elementor-size-default\">Fort\u00e6l os om dit projekt<\/h2>\t\t\t\t<\/div>\n\t\t\t\t<\/div>\n\t\t\t\t<div class=\"elementor-element elementor-element-23a9cfe elementor-widget elementor-widget-text-editor\" data-id=\"23a9cfe\" data-element_type=\"widget\" data-e-type=\"widget\" data-widget_type=\"text-editor.default\">\n\t\t\t\t<div class=\"elementor-widget-container\">\n\t\t\t\t\t\t\t\t\t<p>Brug et par sekunder p\u00e5 at udfylde formularen for at bestille et m\u00f8de og fort\u00e6lle os om dit projekt og budget.<\/p>\t\t\t\t\t\t\t\t<\/div>\n\t\t\t\t<\/div>\n\t\t\t\t<div class=\"elementor-element elementor-element-0aafb30 elementor-widget elementor-widget-spacer\" data-id=\"0aafb30\" data-element_type=\"widget\" data-e-type=\"widget\" data-widget_type=\"spacer.default\">\n\t\t\t\t<div class=\"elementor-widget-container\">\n\t\t\t\t\t\t\t<div class=\"elementor-spacer\">\n\t\t\t<div class=\"elementor-spacer-inner\"><\/div>\n\t\t<\/div>\n\t\t\t\t\t\t<\/div>\n\t\t\t\t<\/div>\n\t\t\t\t<\/div>\n\t\t<div class=\"elementor-element elementor-element-dd0b5b4 e-con-full animated-slow e-flex elementor-invisible e-con e-child\" data-id=\"dd0b5b4\" data-element_type=\"container\" data-e-type=\"container\" data-settings=\"{&quot;background_background&quot;:&quot;classic&quot;,&quot;animation&quot;:&quot;slideInRight&quot;}\">\n\t\t\t\t<div class=\"elementor-element elementor-element-4a5eb82 elementor-widget elementor-widget-image\" data-id=\"4a5eb82\" data-element_type=\"widget\" data-e-type=\"widget\" data-widget_type=\"image.default\">\n\t\t\t\t<div class=\"elementor-widget-container\">\n\t\t\t\t\t\t\t\t\t\t\t\t\t\t\t<img loading=\"lazy\" decoding=\"async\" width=\"425\" height=\"233\" src=\"https:\/\/www.m2builders.com\/wp-content\/uploads\/2024\/08\/shutterstock_2353012835.jpg\" class=\"attachment-full size-full wp-image-231\" alt=\"House building and construction solutions\" srcset=\"https:\/\/www.m2builders.com\/wp-content\/uploads\/2024\/08\/shutterstock_2353012835.jpg 425w, https:\/\/www.m2builders.com\/wp-content\/uploads\/2024\/08\/shutterstock_2353012835-300x164.jpg 300w\" sizes=\"(max-width: 425px) 100vw, 425px\" \/>\t\t\t\t\t\t\t\t\t\t\t\t\t\t\t<\/div>\n\t\t\t\t<\/div>\n\t\t\t\t<div class=\"elementor-element elementor-element-90b6b60 elementor-widget elementor-widget-heading\" data-id=\"90b6b60\" data-element_type=\"widget\" data-e-type=\"widget\" data-widget_type=\"heading.default\">\n\t\t\t\t<div class=\"elementor-widget-container\">\n\t\t\t\t\t<h2 class=\"elementor-heading-title elementor-size-default\"><span class=\"number-blue\">2<\/span><\/h2>\t\t\t\t<\/div>\n\t\t\t\t<\/div>\n\t\t\t\t<div class=\"elementor-element elementor-element-5281a7b elementor-widget elementor-widget-heading\" data-id=\"5281a7b\" data-element_type=\"widget\" data-e-type=\"widget\" data-widget_type=\"heading.default\">\n\t\t\t\t<div class=\"elementor-widget-container\">\n\t\t\t\t\t<h2 class=\"elementor-heading-title elementor-size-default\">M\u00f8d vores team<\/h2>\t\t\t\t<\/div>\n\t\t\t\t<\/div>\n\t\t\t\t<div class=\"elementor-element elementor-element-b89cd61 elementor-widget elementor-widget-text-editor\" data-id=\"b89cd61\" data-element_type=\"widget\" data-e-type=\"widget\" data-widget_type=\"text-editor.default\">\n\t\t\t\t<div class=\"elementor-widget-container\">\n\t\t\t\t\t\t\t\t\t<p>Brug et par sekunder p\u00e5 at udfylde formularen for at bestille et m\u00f8de og fort\u00e6lle os om dit projekt og budget.\u00a0<\/p>\t\t\t\t\t\t\t\t<\/div>\n\t\t\t\t<\/div>\n\t\t\t\t<\/div>\n\t\t<div class=\"elementor-element elementor-element-075e5af e-con-full animated-slow e-flex elementor-invisible e-con e-child\" data-id=\"075e5af\" data-element_type=\"container\" data-e-type=\"container\" data-settings=\"{&quot;background_background&quot;:&quot;classic&quot;,&quot;animation&quot;:&quot;slideInRight&quot;}\">\n\t\t\t\t<div class=\"elementor-element elementor-element-222a010 elementor-widget elementor-widget-image\" data-id=\"222a010\" data-element_type=\"widget\" data-e-type=\"widget\" data-widget_type=\"image.default\">\n\t\t\t\t<div class=\"elementor-widget-container\">\n\t\t\t\t\t\t\t\t\t\t\t\t\t\t\t<img loading=\"lazy\" decoding=\"async\" width=\"425\" height=\"233\" src=\"https:\/\/www.m2builders.com\/wp-content\/uploads\/2024\/08\/shutterstock_2201839335.jpg\" class=\"attachment-full size-full wp-image-229\" alt=\"Professional construction M2Builder\" srcset=\"https:\/\/www.m2builders.com\/wp-content\/uploads\/2024\/08\/shutterstock_2201839335.jpg 425w, https:\/\/www.m2builders.com\/wp-content\/uploads\/2024\/08\/shutterstock_2201839335-300x164.jpg 300w\" sizes=\"(max-width: 425px) 100vw, 425px\" \/>\t\t\t\t\t\t\t\t\t\t\t\t\t\t\t<\/div>\n\t\t\t\t<\/div>\n\t\t\t\t<div class=\"elementor-element elementor-element-a224867 elementor-widget elementor-widget-heading\" data-id=\"a224867\" data-element_type=\"widget\" data-e-type=\"widget\" data-widget_type=\"heading.default\">\n\t\t\t\t<div class=\"elementor-widget-container\">\n\t\t\t\t\t<h2 class=\"elementor-heading-title elementor-size-default\"><span class=\"number-blue\">3<\/span><\/h2>\t\t\t\t<\/div>\n\t\t\t\t<\/div>\n\t\t\t\t<div class=\"elementor-element elementor-element-f6ff0cf elementor-widget elementor-widget-heading\" data-id=\"f6ff0cf\" data-element_type=\"widget\" data-e-type=\"widget\" data-widget_type=\"heading.default\">\n\t\t\t\t<div class=\"elementor-widget-container\">\n\t\t\t\t\t<h2 class=\"elementor-heading-title elementor-size-default\">Modtag et personligt tilbud<\/h2>\t\t\t\t<\/div>\n\t\t\t\t<\/div>\n\t\t\t\t<div class=\"elementor-element elementor-element-1c6cf2e elementor-widget elementor-widget-text-editor\" data-id=\"1c6cf2e\" data-element_type=\"widget\" data-e-type=\"widget\" data-widget_type=\"text-editor.default\">\n\t\t\t\t<div class=\"elementor-widget-container\">\n\t\t\t\t\t\t\t\t\t<p>Modtag et personligt detaljeret tilbud baseret p\u00e5 dine krav og vores ekspertise inden for hurtigt, effektivt byggeri af h\u00f8j kvalitet.<\/p>\t\t\t\t\t\t\t\t<\/div>\n\t\t\t\t<\/div>\n\t\t\t\t<\/div>\n\t\t\t\t\t<\/div>\n\t\t\t\t<\/div>\n\t\t\t\t<\/div>\n\t\t","protected":false},"excerpt":{"rendered":"<p>VI TILBYDER N\u00e5r man p\u00e5tager sig et bygge- eller renoveringsprojekt, er det vigtigt at samarbejde med en virksomhed med kendskab til lokalomr\u00e5det og planbestemmelser. m2Builders&#8217; team er fuldt fortrolige med alle lokale planl\u00e6gnings- og licenskrav og kan styre alle aspekter af projektet. Vores m\u00e5l er at levere nybyggeri af h\u00f8j kvalitet og transformative renoveringer, der [&hellip;]<\/p>\n","protected":false},"author":2,"featured_media":0,"parent":0,"menu_order":0,"comment_status":"closed","ping_status":"closed","template":"elementor_header_footer","meta":{"footnotes":""},"class_list":["post-306","page","type-page","status-publish","hentry"],"_links":{"self":[{"href":"https:\/\/www.m2builders.com\/da\/wp-json\/wp\/v2\/pages\/306","targetHints":{"allow":["GET"]}}],"collection":[{"href":"https:\/\/www.m2builders.com\/da\/wp-json\/wp\/v2\/pages"}],"about":[{"href":"https:\/\/www.m2builders.com\/da\/wp-json\/wp\/v2\/types\/page"}],"author":[{"embeddable":true,"href":"https:\/\/www.m2builders.com\/da\/wp-json\/wp\/v2\/users\/2"}],"replies":[{"embeddable":true,"href":"https:\/\/www.m2builders.com\/da\/wp-json\/wp\/v2\/comments?post=306"}],"version-history":[{"count":51,"href":"https:\/\/www.m2builders.com\/da\/wp-json\/wp\/v2\/pages\/306\/revisions"}],"predecessor-version":[{"id":996,"href":"https:\/\/www.m2builders.com\/da\/wp-json\/wp\/v2\/pages\/306\/revisions\/996"}],"wp:attachment":[{"href":"https:\/\/www.m2builders.com\/da\/wp-json\/wp\/v2\/media?parent=306"}],"curies":[{"name":"wp","href":"https:\/\/api.w.org\/{rel}","templated":true}]}}