{"id":903,"date":"2024-10-01T11:51:24","date_gmt":"2024-10-01T10:51:24","guid":{"rendered":"https:\/\/www.m2builders.com\/about-us\/"},"modified":"2024-10-04T10:30:13","modified_gmt":"2024-10-04T09:30:13","slug":"moed-os","status":"publish","type":"page","link":"https:\/\/www.m2builders.com\/da\/moed-os\/","title":{"rendered":"OM OS"},"content":{"rendered":"\t\t<div data-elementor-type=\"wp-page\" data-elementor-id=\"903\" class=\"elementor elementor-903 elementor-788\" data-elementor-post-type=\"page\">\n\t\t\t\t<div class=\"elementor-element elementor-element-a46295a e-flex e-con-boxed e-con e-parent\" data-id=\"a46295a\" data-element_type=\"container\" data-e-type=\"container\">\n\t\t\t\t\t<div class=\"e-con-inner\">\n\t\t<div class=\"elementor-element elementor-element-c61b37f e-con-full e-flex e-con e-child\" data-id=\"c61b37f\" data-element_type=\"container\" data-e-type=\"container\">\n\t\t\t\t<div class=\"elementor-element elementor-element-d57d0e4 elementor-widget elementor-widget-image\" data-id=\"d57d0e4\" data-element_type=\"widget\" data-e-type=\"widget\" data-widget_type=\"image.default\">\n\t\t\t\t<div class=\"elementor-widget-container\">\n\t\t\t\t\t\t\t\t\t\t\t\t\t\t\t<img fetchpriority=\"high\" decoding=\"async\" width=\"599\" height=\"839\" src=\"https:\/\/www.m2builders.com\/wp-content\/uploads\/2024\/08\/archhitect-With-logo.jpg\" class=\"attachment-large size-large wp-image-227\" alt=\"transforming houses and buildings\" srcset=\"https:\/\/www.m2builders.com\/wp-content\/uploads\/2024\/08\/archhitect-With-logo.jpg 599w, https:\/\/www.m2builders.com\/wp-content\/uploads\/2024\/08\/archhitect-With-logo-214x300.jpg 214w\" sizes=\"(max-width: 599px) 100vw, 599px\" \/>\t\t\t\t\t\t\t\t\t\t\t\t\t\t\t<\/div>\n\t\t\t\t<\/div>\n\t\t\t\t<\/div>\n\t\t<div class=\"elementor-element elementor-element-115d927 e-con-full e-flex e-con e-child\" data-id=\"115d927\" data-element_type=\"container\" data-e-type=\"container\">\n\t\t\t\t<div class=\"elementor-element elementor-element-5bb6143 elementor-widget elementor-widget-heading\" data-id=\"5bb6143\" data-element_type=\"widget\" data-e-type=\"widget\" data-widget_type=\"heading.default\">\n\t\t\t\t<div class=\"elementor-widget-container\">\n\t\t\t\t\t<h2 class=\"elementor-heading-title elementor-size-default\">OM M2BUILDERS<br><br><\/h2>\t\t\t\t<\/div>\n\t\t\t\t<\/div>\n\t\t\t\t<div class=\"elementor-element elementor-element-8602f5e elementor-widget elementor-widget-heading\" data-id=\"8602f5e\" data-element_type=\"widget\" data-e-type=\"widget\" data-widget_type=\"heading.default\">\n\t\t\t\t<div class=\"elementor-widget-container\">\n\t\t\t\t\t<h2 class=\"elementor-heading-title elementor-size-default\">PROFESSIONEL BYGGE- OG RENOVERINGSSERVICE<br><br> <\/h2>\t\t\t\t<\/div>\n\t\t\t\t<\/div>\n\t\t\t\t<div class=\"elementor-element elementor-element-0cdc6f0 elementor-widget elementor-widget-text-editor\" data-id=\"0cdc6f0\" data-element_type=\"widget\" data-e-type=\"widget\" data-widget_type=\"text-editor.default\">\n\t\t\t\t<div class=\"elementor-widget-container\">\n\t\t\t\t\t\t\t\t\t<p>m2Builders er en international bygge- og renoveringsvirksomhed med stor erfaring indenfor nybyggerier og store renoveringsprojekter p\u00e5 Costa del Sol. Vores internationale team af eksperter best\u00e5ende af arkitekter, ingeni\u00f8rer, juridiske, administrative og byggeeksperter er stolte af at levere en service af h\u00f8j kvalitet baseret p\u00e5 effektivitet, professionalisme og gennemsigtighed.<\/p><p>\u2022 Interne arkitekter og ingeni\u00f8rer<br \/>\u2022 Erfarent internationalt byggeteam<br \/>\u2022 Alle services under \u00e9t tag<br \/>\u2022 Fuldt licenseret, overholdelse af alle byggeregler og regler<br \/>\u2022 B\u00e6redygtige og innovative byggeteknikker<br \/>\u2022 Hurtig og effektiv afslutning<\/p>\t\t\t\t\t\t\t\t<\/div>\n\t\t\t\t<\/div>\n\t\t\t\t<div class=\"elementor-element elementor-element-bb30970 elementor-align-left elementor-widget elementor-widget-button\" data-id=\"bb30970\" data-element_type=\"widget\" data-e-type=\"widget\" data-widget_type=\"button.default\">\n\t\t\t\t<div class=\"elementor-widget-container\">\n\t\t\t\t\t\t\t\t\t<div class=\"elementor-button-wrapper\">\n\t\t\t\t\t<a class=\"elementor-button elementor-button-link elementor-size-sm\" href=\"#elementor-action%3Aaction%3Dpopup%3Aopen%26settings%3DeyJpZCI6MzUwLCJ0b2dnbGUiOmZhbHNlfQ%3D%3D\">\n\t\t\t\t\t\t<span class=\"elementor-button-content-wrapper\">\n\t\t\t\t\t\t\t\t\t<span class=\"elementor-button-text\">BESTIL ET M\u00d8DE <\/span>\n\t\t\t\t\t<\/span>\n\t\t\t\t\t<\/a>\n\t\t\t\t<\/div>\n\t\t\t\t\t\t\t\t<\/div>\n\t\t\t\t<\/div>\n\t\t\t\t<\/div>\n\t\t\t\t\t<\/div>\n\t\t\t\t<\/div>\n\t\t<div class=\"elementor-element elementor-element-6e0c79b e-flex e-con-boxed e-con e-parent\" data-id=\"6e0c79b\" data-element_type=\"container\" data-e-type=\"container\" data-settings=\"{&quot;background_background&quot;:&quot;classic&quot;,&quot;background_motion_fx_motion_fx_scrolling&quot;:&quot;yes&quot;,&quot;background_motion_fx_scale_effect&quot;:&quot;yes&quot;,&quot;background_motion_fx_scale_direction&quot;:&quot;in-out-in&quot;,&quot;background_motion_fx_scale_speed&quot;:{&quot;unit&quot;:&quot;px&quot;,&quot;size&quot;:3,&quot;sizes&quot;:[]},&quot;background_motion_fx_scale_range&quot;:{&quot;unit&quot;:&quot;%&quot;,&quot;size&quot;:&quot;&quot;,&quot;sizes&quot;:{&quot;start&quot;:78,&quot;end&quot;:100}},&quot;background_motion_fx_devices&quot;:[&quot;desktop&quot;,&quot;tablet&quot;,&quot;mobile&quot;]}\">\n\t\t\t\t\t<div class=\"e-con-inner\">\n\t\t\t\t\t<\/div>\n\t\t\t\t<\/div>\n\t\t<div class=\"elementor-element elementor-element-4a6b697 e-flex e-con-boxed e-con e-parent\" data-id=\"4a6b697\" data-element_type=\"container\" data-e-type=\"container\">\n\t\t\t\t\t<div class=\"e-con-inner\">\n\t\t<div class=\"elementor-element elementor-element-4b13872 e-con-full e-flex e-con e-child\" data-id=\"4b13872\" data-element_type=\"container\" data-e-type=\"container\">\n\t\t\t\t<div class=\"elementor-element elementor-element-bc25fa5 elementor-widget elementor-widget-image\" data-id=\"bc25fa5\" data-element_type=\"widget\" data-e-type=\"widget\" data-widget_type=\"image.default\">\n\t\t\t\t<div class=\"elementor-widget-container\">\n\t\t\t\t\t\t\t\t\t\t\t\t\t\t\t<img decoding=\"async\" width=\"657\" height=\"439\" src=\"https:\/\/www.m2builders.com\/wp-content\/uploads\/2024\/08\/shutterstock_1894920616.jpg\" class=\"attachment-large size-large wp-image-243\" alt=\"Experts in new constructions\" srcset=\"https:\/\/www.m2builders.com\/wp-content\/uploads\/2024\/08\/shutterstock_1894920616.jpg 657w, https:\/\/www.m2builders.com\/wp-content\/uploads\/2024\/08\/shutterstock_1894920616-300x200.jpg 300w\" sizes=\"(max-width: 657px) 100vw, 657px\" \/>\t\t\t\t\t\t\t\t\t\t\t\t\t\t\t<\/div>\n\t\t\t\t<\/div>\n\t\t\t\t<\/div>\n\t\t<div class=\"elementor-element elementor-element-600d6ff e-con-full e-flex e-con e-child\" data-id=\"600d6ff\" data-element_type=\"container\" data-e-type=\"container\">\n\t\t\t\t<div class=\"elementor-element elementor-element-cd78808 elementor-widget elementor-widget-heading\" data-id=\"cd78808\" data-element_type=\"widget\" data-e-type=\"widget\" data-widget_type=\"heading.default\">\n\t\t\t\t<div class=\"elementor-widget-container\">\n\t\t\t\t\t<h2 class=\"elementor-heading-title elementor-size-default\">EKSPERTER I NYBYGGERI<br><br><\/h2>\t\t\t\t<\/div>\n\t\t\t\t<\/div>\n\t\t\t\t<div class=\"elementor-element elementor-element-905a416 elementor-widget elementor-widget-text-editor\" data-id=\"905a416\" data-element_type=\"widget\" data-e-type=\"widget\" data-widget_type=\"text-editor.default\">\n\t\t\t\t<div class=\"elementor-widget-container\">\n\t\t\t\t\t\t\t\t\t<p>Vores m\u00e5l er at s\u00e6tte nye standarder for kvalitet, komfort og energieffektivitet, der vil inspirere den n\u00e6ste generation, samtidig med at vi garanterer hurtigere leveringstider.<\/p>\n<p>Alle vores projekter er styret af vores team af internationale h\u00e5ndv\u00e6rkerer,. Vi bruger de nyeste b\u00e6redygtige byggeteknikker og materialer til at levere din dr\u00f8mmebolig, f\u00e6rdiggjort til vores h\u00f8je standarder.<\/p>\n\t\t\t\t\t\t\t\t<\/div>\n\t\t\t\t<\/div>\n\t\t\t\t<\/div>\n\t\t\t\t\t<\/div>\n\t\t\t\t<\/div>\n\t\t<div class=\"elementor-element elementor-element-3293802 e-flex e-con-boxed e-con e-parent\" data-id=\"3293802\" data-element_type=\"container\" data-e-type=\"container\">\n\t\t\t\t\t<div class=\"e-con-inner\">\n\t\t<div class=\"elementor-element elementor-element-c851b3d e-con-full e-flex e-con e-child\" data-id=\"c851b3d\" data-element_type=\"container\" data-e-type=\"container\">\n\t\t\t\t<div class=\"elementor-element elementor-element-ab5b4f3 elementor-widget elementor-widget-heading\" data-id=\"ab5b4f3\" data-element_type=\"widget\" data-e-type=\"widget\" data-widget_type=\"heading.default\">\n\t\t\t\t<div class=\"elementor-widget-container\">\n\t\t\t\t\t<h2 class=\"elementor-heading-title elementor-size-default\">DETALJEREDE PERSONLIGE TILBUD<br><br><\/h2>\t\t\t\t<\/div>\n\t\t\t\t<\/div>\n\t\t\t\t<div class=\"elementor-element elementor-element-d0f739a elementor-widget elementor-widget-text-editor\" data-id=\"d0f739a\" data-element_type=\"widget\" data-e-type=\"widget\" data-widget_type=\"text-editor.default\">\n\t\t\t\t<div class=\"elementor-widget-container\">\n\t\t\t\t\t\t\t\t\t<p>Ethvert vellykket renoverings- og byggeprojekt er afh\u00e6ngig af klar kommunikation<br>for at sikre, at alle parter fuldt ud forst\u00e5r projektet, processerne og prisen.<\/p>\n<p> Det er grunden til, at m2Builders giver alle kunder specificerede tilbud, med fotografier, detaljerede beskrivelser af projektet og de tilh\u00f8rende omkostninger.<\/p>\n<p>N\u00e5r dit tilbud er aftalt, garanterer vi, at det er den pris, du betaler! <\/p>\t\t\t\t\t\t\t\t<\/div>\n\t\t\t\t<\/div>\n\t\t\t\t<\/div>\n\t\t<div class=\"elementor-element elementor-element-ac6d47f e-con-full e-flex e-con e-child\" data-id=\"ac6d47f\" data-element_type=\"container\" data-e-type=\"container\">\n\t\t\t\t<div class=\"elementor-element elementor-element-6e00326 elementor-widget elementor-widget-image\" data-id=\"6e00326\" data-element_type=\"widget\" data-e-type=\"widget\" data-widget_type=\"image.default\">\n\t\t\t\t<div class=\"elementor-widget-container\">\n\t\t\t\t\t\t\t\t\t\t\t\t\t\t\t<img decoding=\"async\" width=\"657\" height=\"439\" src=\"https:\/\/www.m2builders.com\/wp-content\/uploads\/2024\/08\/shutterstock_277549817.jpg\" class=\"attachment-large size-large wp-image-245\" alt=\"Detailed personalised quotes\" srcset=\"https:\/\/www.m2builders.com\/wp-content\/uploads\/2024\/08\/shutterstock_277549817.jpg 657w, https:\/\/www.m2builders.com\/wp-content\/uploads\/2024\/08\/shutterstock_277549817-300x200.jpg 300w\" sizes=\"(max-width: 657px) 100vw, 657px\" \/>\t\t\t\t\t\t\t\t\t\t\t\t\t\t\t<\/div>\n\t\t\t\t<\/div>\n\t\t\t\t<\/div>\n\t\t\t\t\t<\/div>\n\t\t\t\t<\/div>\n\t\t<div class=\"elementor-element elementor-element-98d17ad e-flex e-con-boxed e-con e-parent\" data-id=\"98d17ad\" data-element_type=\"container\" data-e-type=\"container\">\n\t\t\t\t\t<div class=\"e-con-inner\">\n\t\t\t\t<div class=\"elementor-element elementor-element-6bd5e57 elementor-invisible elementor-widget elementor-widget-heading\" data-id=\"6bd5e57\" data-element_type=\"widget\" data-e-type=\"widget\" data-settings=\"{&quot;_animation&quot;:&quot;slideInUp&quot;}\" data-widget_type=\"heading.default\">\n\t\t\t\t<div class=\"elementor-widget-container\">\n\t\t\t\t\t<h2 class=\"elementor-heading-title elementor-size-default\">Vi leverer til tiden og inden for budget<\/h2>\t\t\t\t<\/div>\n\t\t\t\t<\/div>\n\t\t\t\t<div class=\"elementor-element elementor-element-708e5d3 elementor-align-center elementor-invisible elementor-widget elementor-widget-button\" data-id=\"708e5d3\" data-element_type=\"widget\" data-e-type=\"widget\" data-settings=\"{&quot;_animation&quot;:&quot;rotateInUpLeft&quot;}\" data-widget_type=\"button.default\">\n\t\t\t\t<div class=\"elementor-widget-container\">\n\t\t\t\t\t\t\t\t\t<div class=\"elementor-button-wrapper\">\n\t\t\t\t\t<a class=\"elementor-button elementor-button-link elementor-size-sm\" href=\"#elementor-action%3Aaction%3Dpopup%3Aopen%26settings%3DeyJpZCI6MzUwLCJ0b2dnbGUiOmZhbHNlfQ%3D%3D\">\n\t\t\t\t\t\t<span class=\"elementor-button-content-wrapper\">\n\t\t\t\t\t\t\t\t\t<span class=\"elementor-button-text\">BESTIL ET M\u00d8DE <\/span>\n\t\t\t\t\t<\/span>\n\t\t\t\t\t<\/a>\n\t\t\t\t<\/div>\n\t\t\t\t\t\t\t\t<\/div>\n\t\t\t\t<\/div>\n\t\t\t\t\t<\/div>\n\t\t\t\t<\/div>\n\t\t<div class=\"elementor-element elementor-element-a8296b5 e-flex e-con-boxed e-con e-parent\" data-id=\"a8296b5\" data-element_type=\"container\" data-e-type=\"container\">\n\t\t\t\t\t<div class=\"e-con-inner\">\n\t\t\t\t<div class=\"elementor-element elementor-element-901f432 elementor-widget elementor-widget-heading\" data-id=\"901f432\" data-element_type=\"widget\" data-e-type=\"widget\" data-widget_type=\"heading.default\">\n\t\t\t\t<div class=\"elementor-widget-container\">\n\t\t\t\t\t<h2 class=\"elementor-heading-title elementor-size-default\">M\u00f8d vores s\u00f8sterselskaber\n<\/h2>\t\t\t\t<\/div>\n\t\t\t\t<\/div>\n\t\t\t\t<div class=\"elementor-element elementor-element-22a584d elementor-invisible elementor-widget elementor-widget-heading\" data-id=\"22a584d\" data-element_type=\"widget\" data-e-type=\"widget\" data-settings=\"{&quot;_animation&quot;:&quot;slideInUp&quot;}\" data-widget_type=\"heading.default\">\n\t\t\t\t<div class=\"elementor-widget-container\">\n\t\t\t\t\t<h2 class=\"elementor-heading-title elementor-size-default\">og opdag alt, hvad vi kan tilbyde...\n<\/h2>\t\t\t\t<\/div>\n\t\t\t\t<\/div>\n\t\t\t\t<div class=\"elementor-element elementor-element-ba602d6 elementor-widget elementor-widget-text-editor\" data-id=\"ba602d6\" data-element_type=\"widget\" data-e-type=\"widget\" data-widget_type=\"text-editor.default\">\n\t\t\t\t<div class=\"elementor-widget-container\">\n\t\t\t\t\t\t\t\t\t<p>m2Builders er en bygge- og renoveringsvirksomhed, som er en del af en danskejet ejendoms- og byggekoncern, der opererer i hele det sydlige Spanien. Gennem vores s\u00f8sterselskaber Marbella &amp; Co og m2Casas, kan vi hj\u00e6lpe dig med at finde den bedste luksusejendom i Marbella, eller hvis du foretr\u00e6kker det, kan vi designe og bygge din skr\u00e6ddersyede villa p\u00e5 Costa del Sol. <\/p>\t\t\t\t\t\t\t\t<\/div>\n\t\t\t\t<\/div>\n\t\t\t\t\t<\/div>\n\t\t\t\t<\/div>\n\t\t<div class=\"elementor-element elementor-element-6995f1b e-con-full e-flex e-con e-parent\" data-id=\"6995f1b\" data-element_type=\"container\" data-e-type=\"container\">\n\t\t<div class=\"elementor-element elementor-element-e3a05f6 e-con-full e-flex e-con e-child\" data-id=\"e3a05f6\" data-element_type=\"container\" data-e-type=\"container\" data-settings=\"{&quot;background_background&quot;:&quot;classic&quot;}\">\n\t\t<div class=\"elementor-element elementor-element-63c28e1 e-con-full e-flex e-con e-child\" data-id=\"63c28e1\" data-element_type=\"container\" data-e-type=\"container\">\n\t\t<div class=\"elementor-element elementor-element-4638cc6 e-con-full e-flex e-con e-child\" data-id=\"4638cc6\" data-element_type=\"container\" data-e-type=\"container\">\n\t\t\t\t<div class=\"elementor-element elementor-element-4acae52 elementor-position-left elementor-position-left elementor-vertical-align-middle elementor-widget elementor-widget-image-box\" data-id=\"4acae52\" data-element_type=\"widget\" data-e-type=\"widget\" data-widget_type=\"image-box.default\">\n\t\t\t\t<div class=\"elementor-widget-container\">\n\t\t\t\t\t<div class=\"elementor-image-box-wrapper\"><figure class=\"elementor-image-box-img\"><img loading=\"lazy\" decoding=\"async\" width=\"111\" height=\"111\" src=\"https:\/\/www.m2builders.com\/wp-content\/uploads\/2024\/10\/01-M2Casas-FINAL.png\" class=\"attachment-full size-full wp-image-813\" alt=\"\" \/><\/figure><div class=\"elementor-image-box-content\"><h3 class=\"elementor-image-box-title\">m2Casas<\/h3><p class=\"elementor-image-box-description\">Skr\u00e6ddersyede luksusvillaer \n<\/p><\/div><\/div>\t\t\t\t<\/div>\n\t\t\t\t<\/div>\n\t\t\t\t<div class=\"elementor-element elementor-element-3458bcb elementor-widget elementor-widget-text-editor\" data-id=\"3458bcb\" data-element_type=\"widget\" data-e-type=\"widget\" data-widget_type=\"text-editor.default\">\n\t\t\t\t<div class=\"elementor-widget-container\">\n\t\t\t\t\t\t\t\t\t<p>m2Casas er et danskejet ejendomsudviklings- og byggefirma, der specialiserer sig i b\u00e6redygtige, skr\u00e6ddersyede luksusvillaer p\u00e5 Costa del Sol. Vores m\u00e5l er at levere hurtige, effektive og helt unikke skr\u00e6ddersyede huse ved hj\u00e6lp af de allernyeste byggeteknikker og b\u00e6redygtige materialer. Vi kan bygge hurtigere, fordi vi skaber &#8216;Execution Projects&#8217;, hvilket betyder, at alle planer er fuldt definerede og underskrevet, f\u00f8r byggeriet begynder.<br \/>\u2022 Gratis arkitekttegninger<br \/>\u2022 Ekspert-teams<br \/>\u2022 Projektledelse<br \/>\u2022 10 \u00e5rs garanti p\u00e5 fundament<br \/>\u2022 3 \u00e5rs garanti for skjulte defekter<br \/>\u2022 Eftersalg \/ mangler<br \/>\u2022 AI-teknologi <\/p>\t\t\t\t\t\t\t\t<\/div>\n\t\t\t\t<\/div>\n\t\t\t\t<div class=\"elementor-element elementor-element-578c120 elementor-align-left elementor-invisible elementor-widget elementor-widget-button\" data-id=\"578c120\" data-element_type=\"widget\" data-e-type=\"widget\" data-settings=\"{&quot;_animation&quot;:&quot;rotateInUpLeft&quot;}\" data-widget_type=\"button.default\">\n\t\t\t\t<div class=\"elementor-widget-container\">\n\t\t\t\t\t\t\t\t\t<div class=\"elementor-button-wrapper\">\n\t\t\t\t\t<a class=\"elementor-button elementor-button-link elementor-size-sm\" href=\"https:\/\/www.m2casas.com\/da\/\" target=\"_blank\" rel=\"noopener\">\n\t\t\t\t\t\t<span class=\"elementor-button-content-wrapper\">\n\t\t\t\t\t\t\t\t\t<span class=\"elementor-button-text\">L\u00e6s mere her <\/span>\n\t\t\t\t\t<\/span>\n\t\t\t\t\t<\/a>\n\t\t\t\t<\/div>\n\t\t\t\t\t\t\t\t<\/div>\n\t\t\t\t<\/div>\n\t\t\t\t<\/div>\n\t\t<div class=\"elementor-element elementor-element-f640b5e e-con-full e-flex e-con e-child\" data-id=\"f640b5e\" data-element_type=\"container\" data-e-type=\"container\">\n\t\t\t\t<div class=\"elementor-element elementor-element-89ab088 elementor-widget elementor-widget-image\" data-id=\"89ab088\" data-element_type=\"widget\" data-e-type=\"widget\" data-widget_type=\"image.default\">\n\t\t\t\t<div class=\"elementor-widget-container\">\n\t\t\t\t\t\t\t\t\t\t\t\t\t\t\t<img loading=\"lazy\" decoding=\"async\" width=\"318\" height=\"261\" src=\"https:\/\/www.m2builders.com\/wp-content\/uploads\/2024\/10\/Mask-Group-511.jpg\" class=\"attachment-full size-full wp-image-811\" alt=\"\" srcset=\"https:\/\/www.m2builders.com\/wp-content\/uploads\/2024\/10\/Mask-Group-511.jpg 318w, https:\/\/www.m2builders.com\/wp-content\/uploads\/2024\/10\/Mask-Group-511-300x246.jpg 300w\" sizes=\"(max-width: 318px) 100vw, 318px\" \/>\t\t\t\t\t\t\t\t\t\t\t\t\t\t\t<\/div>\n\t\t\t\t<\/div>\n\t\t\t\t<div class=\"elementor-element elementor-element-8aaa4d5 elementor-widget elementor-widget-image\" data-id=\"8aaa4d5\" data-element_type=\"widget\" data-e-type=\"widget\" data-widget_type=\"image.default\">\n\t\t\t\t<div class=\"elementor-widget-container\">\n\t\t\t\t\t\t\t\t\t\t\t\t\t\t\t<img loading=\"lazy\" decoding=\"async\" width=\"318\" height=\"261\" src=\"https:\/\/www.m2builders.com\/wp-content\/uploads\/2024\/10\/Mask-Group-512.jpg\" class=\"attachment-full size-full wp-image-808\" alt=\"\" srcset=\"https:\/\/www.m2builders.com\/wp-content\/uploads\/2024\/10\/Mask-Group-512.jpg 318w, https:\/\/www.m2builders.com\/wp-content\/uploads\/2024\/10\/Mask-Group-512-300x246.jpg 300w\" sizes=\"(max-width: 318px) 100vw, 318px\" \/>\t\t\t\t\t\t\t\t\t\t\t\t\t\t\t<\/div>\n\t\t\t\t<\/div>\n\t\t\t\t<div class=\"elementor-element elementor-element-c7fc4de elementor-widget elementor-widget-image\" data-id=\"c7fc4de\" data-element_type=\"widget\" data-e-type=\"widget\" data-widget_type=\"image.default\">\n\t\t\t\t<div class=\"elementor-widget-container\">\n\t\t\t\t\t\t\t\t\t\t\t\t\t\t\t<img loading=\"lazy\" decoding=\"async\" width=\"318\" height=\"261\" src=\"https:\/\/www.m2builders.com\/wp-content\/uploads\/2024\/10\/Mask-Group-513.jpg\" class=\"attachment-full size-full wp-image-805\" alt=\"\" srcset=\"https:\/\/www.m2builders.com\/wp-content\/uploads\/2024\/10\/Mask-Group-513.jpg 318w, https:\/\/www.m2builders.com\/wp-content\/uploads\/2024\/10\/Mask-Group-513-300x246.jpg 300w\" sizes=\"(max-width: 318px) 100vw, 318px\" \/>\t\t\t\t\t\t\t\t\t\t\t\t\t\t\t<\/div>\n\t\t\t\t<\/div>\n\t\t\t\t<\/div>\n\t\t\t\t<\/div>\n\t\t\t\t<\/div>\n\t\t<div class=\"elementor-element elementor-element-f27f732 e-con-full e-flex e-con e-child\" data-id=\"f27f732\" data-element_type=\"container\" data-e-type=\"container\" data-settings=\"{&quot;background_background&quot;:&quot;classic&quot;}\">\n\t\t\t\t<div class=\"elementor-element elementor-element-1a66edf elementor-position-left elementor-vertical-align-middle elementor-widget elementor-widget-image-box\" data-id=\"1a66edf\" data-element_type=\"widget\" data-e-type=\"widget\" data-widget_type=\"image-box.default\">\n\t\t\t\t<div class=\"elementor-widget-container\">\n\t\t\t\t\t<div class=\"elementor-image-box-wrapper\"><figure class=\"elementor-image-box-img\"><img loading=\"lazy\" decoding=\"async\" width=\"377\" height=\"135\" src=\"https:\/\/www.m2builders.com\/wp-content\/uploads\/2024\/10\/Image-2.png\" class=\"attachment-full size-full wp-image-795\" alt=\"\" srcset=\"https:\/\/www.m2builders.com\/wp-content\/uploads\/2024\/10\/Image-2.png 377w, https:\/\/www.m2builders.com\/wp-content\/uploads\/2024\/10\/Image-2-300x107.png 300w\" sizes=\"(max-width: 377px) 100vw, 377px\" \/><\/figure><div class=\"elementor-image-box-content\"><h3 class=\"elementor-image-box-title\">Liebhaverm\u00e6gler p\u00e5 Costa del Sol <\/h3><\/div><\/div>\t\t\t\t<\/div>\n\t\t\t\t<\/div>\n\t\t\t\t<div class=\"elementor-element elementor-element-b87a5d5 elementor-widget elementor-widget-text-editor\" data-id=\"b87a5d5\" data-element_type=\"widget\" data-e-type=\"widget\" data-widget_type=\"text-editor.default\">\n\t\t\t\t<div class=\"elementor-widget-container\">\n\t\t\t\t\t\t\t\t\t<p>Marbella &amp; Co er en danskejet og danskledet virksomhed, grundlagt i 1997, der tilbyder ejendomstjenester i h\u00f8jeste kvalitet til internationale kunder. Virksomheden specialiserer sig i salg af luksusejendomme i Marbella og de omkringliggende omr\u00e5der.<br \/>\u2022 K\u00f8berfokuseret luksus ejendomsm\u00e6gler<br \/>\u2022 Omfattende portef\u00f8lje<br \/>\u2022 Gennemsigtighed<br \/>\u2022 Alt-i-\u00e9t<br \/>\u2022 Luksusboliger i Marbella,<br \/>Benahavis og Estepona<br \/>\u2022 Team af eksperter <\/p>\t\t\t\t\t\t\t\t<\/div>\n\t\t\t\t<\/div>\n\t\t\t\t<div class=\"elementor-element elementor-element-a26e061 elementor-align-left elementor-invisible elementor-widget elementor-widget-button\" data-id=\"a26e061\" data-element_type=\"widget\" data-e-type=\"widget\" data-settings=\"{&quot;_animation&quot;:&quot;rotateInUpLeft&quot;}\" data-widget_type=\"button.default\">\n\t\t\t\t<div class=\"elementor-widget-container\">\n\t\t\t\t\t\t\t\t\t<div class=\"elementor-button-wrapper\">\n\t\t\t\t\t<a class=\"elementor-button elementor-button-link elementor-size-sm\" href=\"https:\/\/www.marbellaco.com\/\" target=\"_blank\" rel=\"noopener\">\n\t\t\t\t\t\t<span class=\"elementor-button-content-wrapper\">\n\t\t\t\t\t\t\t\t\t<span class=\"elementor-button-text\">L\u00e6s mere her <\/span>\n\t\t\t\t\t<\/span>\n\t\t\t\t\t<\/a>\n\t\t\t\t<\/div>\n\t\t\t\t\t\t\t\t<\/div>\n\t\t\t\t<\/div>\n\t\t\t\t<\/div>\n\t\t\t\t<\/div>\n\t\t\t\t<\/div>\n\t\t","protected":false},"excerpt":{"rendered":"<p>OM M2BUILDERS PROFESSIONEL BYGGE- OG RENOVERINGSSERVICE m2Builders er en international bygge- og renoveringsvirksomhed med stor erfaring indenfor nybyggerier og store renoveringsprojekter p\u00e5 Costa del Sol. Vores internationale team af eksperter best\u00e5ende af arkitekter, ingeni\u00f8rer, juridiske, administrative og byggeeksperter er stolte af at levere en service af h\u00f8j kvalitet baseret p\u00e5 effektivitet, professionalisme og gennemsigtighed. \u2022 [&hellip;]<\/p>\n","protected":false},"author":2,"featured_media":0,"parent":0,"menu_order":0,"comment_status":"closed","ping_status":"closed","template":"elementor_header_footer","meta":{"footnotes":""},"class_list":["post-903","page","type-page","status-publish","hentry"],"_links":{"self":[{"href":"https:\/\/www.m2builders.com\/da\/wp-json\/wp\/v2\/pages\/903","targetHints":{"allow":["GET"]}}],"collection":[{"href":"https:\/\/www.m2builders.com\/da\/wp-json\/wp\/v2\/pages"}],"about":[{"href":"https:\/\/www.m2builders.com\/da\/wp-json\/wp\/v2\/types\/page"}],"author":[{"embeddable":true,"href":"https:\/\/www.m2builders.com\/da\/wp-json\/wp\/v2\/users\/2"}],"replies":[{"embeddable":true,"href":"https:\/\/www.m2builders.com\/da\/wp-json\/wp\/v2\/comments?post=903"}],"version-history":[{"count":12,"href":"https:\/\/www.m2builders.com\/da\/wp-json\/wp\/v2\/pages\/903\/revisions"}],"predecessor-version":[{"id":1001,"href":"https:\/\/www.m2builders.com\/da\/wp-json\/wp\/v2\/pages\/903\/revisions\/1001"}],"wp:attachment":[{"href":"https:\/\/www.m2builders.com\/da\/wp-json\/wp\/v2\/media?parent=903"}],"curies":[{"name":"wp","href":"https:\/\/api.w.org\/{rel}","templated":true}]}}