{"id":906,"date":"2024-10-01T11:51:24","date_gmt":"2024-10-01T10:51:24","guid":{"rendered":"https:\/\/www.m2builders.com\/about-us\/"},"modified":"2024-10-02T12:46:16","modified_gmt":"2024-10-02T11:46:16","slug":"nosotros","status":"publish","type":"page","link":"https:\/\/www.m2builders.com\/es\/nosotros\/","title":{"rendered":"Nosotros"},"content":{"rendered":"\t\t<div data-elementor-type=\"wp-page\" data-elementor-id=\"906\" class=\"elementor elementor-906 elementor-788\" data-elementor-post-type=\"page\">\n\t\t\t\t<div class=\"elementor-element elementor-element-82ae4d1 e-flex e-con-boxed e-con e-parent\" data-id=\"82ae4d1\" data-element_type=\"container\" data-e-type=\"container\">\n\t\t\t\t\t<div class=\"e-con-inner\">\n\t\t<div class=\"elementor-element elementor-element-12ed10b e-con-full e-flex e-con e-child\" data-id=\"12ed10b\" data-element_type=\"container\" data-e-type=\"container\">\n\t\t\t\t<div class=\"elementor-element elementor-element-07b98a0 elementor-widget elementor-widget-image\" data-id=\"07b98a0\" data-element_type=\"widget\" data-e-type=\"widget\" data-widget_type=\"image.default\">\n\t\t\t\t<div class=\"elementor-widget-container\">\n\t\t\t\t\t\t\t\t\t\t\t\t\t\t\t<img fetchpriority=\"high\" decoding=\"async\" width=\"599\" height=\"839\" src=\"https:\/\/www.m2builders.com\/wp-content\/uploads\/2024\/08\/archhitect-With-logo.jpg\" class=\"attachment-large size-large wp-image-228\" alt=\"transforming houses and buildings\" srcset=\"https:\/\/www.m2builders.com\/wp-content\/uploads\/2024\/08\/archhitect-With-logo.jpg 599w, https:\/\/www.m2builders.com\/wp-content\/uploads\/2024\/08\/archhitect-With-logo-214x300.jpg 214w\" sizes=\"(max-width: 599px) 100vw, 599px\" \/>\t\t\t\t\t\t\t\t\t\t\t\t\t\t\t<\/div>\n\t\t\t\t<\/div>\n\t\t\t\t<\/div>\n\t\t<div class=\"elementor-element elementor-element-d3a3f08 e-con-full e-flex e-con e-child\" data-id=\"d3a3f08\" data-element_type=\"container\" data-e-type=\"container\">\n\t\t\t\t<div class=\"elementor-element elementor-element-ce7f57c elementor-widget elementor-widget-heading\" data-id=\"ce7f57c\" data-element_type=\"widget\" data-e-type=\"widget\" data-widget_type=\"heading.default\">\n\t\t\t\t<div class=\"elementor-widget-container\">\n\t\t\t\t\t<h2 class=\"elementor-heading-title elementor-size-default\">SOBRE M2BUILDERS<\/h2>\t\t\t\t<\/div>\n\t\t\t\t<\/div>\n\t\t\t\t<div class=\"elementor-element elementor-element-9f8e463 elementor-widget elementor-widget-heading\" data-id=\"9f8e463\" data-element_type=\"widget\" data-e-type=\"widget\" data-widget_type=\"heading.default\">\n\t\t\t\t<div class=\"elementor-widget-container\">\n\t\t\t\t\t<h2 class=\"elementor-heading-title elementor-size-default\">CONSTRUCCI\u00d3N Y REFORMAS PROFESIONALES EN LA COSTA DEL SOL \n\n<\/h2>\t\t\t\t<\/div>\n\t\t\t\t<\/div>\n\t\t\t\t<div class=\"elementor-element elementor-element-ea34a1e elementor-widget elementor-widget-text-editor\" data-id=\"ea34a1e\" data-element_type=\"widget\" data-e-type=\"widget\" data-widget_type=\"text-editor.default\">\n\t\t\t\t<div class=\"elementor-widget-container\">\n\t\t\t\t\t\t\t\t\t<p>m2Builders es una empresa internacional de construcci\u00f3n y reformas con amplia experiencia en construcci\u00f3n de edificaciones nuevas y en la realizaci\u00f3n de grandes proyectos de reformas en la Costa del Sol. Nuestro equipo internacional de expertos est\u00e1 formado por arquitectos, ingenieros, juristas, administradores y expertos en construcci\u00f3n. Nuestro equipo se enorgullece de ofrecer un servicio de alta calidad basado en la eficiencia, la profesionalidad y la transparencia.<\/p><p>\u2022 Arquitectos e ingenieros propios<br \/>\u2022 Equipo constructor internacional y con experiencia<br \/>\u2022 Todos los servicios que necesitas en un mismo lugar<br \/>\u2022 Con todas las licencias, respetando todas las normativas y regulaciones de construcci\u00f3n<br \/>\u2022 T\u00e9cnicas de construcci\u00f3n sostenibles e innovadoras<br \/>\u2022 Finalizaci\u00f3n r\u00e1pida y eficiente<\/p>\t\t\t\t\t\t\t\t<\/div>\n\t\t\t\t<\/div>\n\t\t\t\t<div class=\"elementor-element elementor-element-6c761ae elementor-align-left elementor-widget elementor-widget-button\" data-id=\"6c761ae\" data-element_type=\"widget\" data-e-type=\"widget\" data-widget_type=\"button.default\">\n\t\t\t\t<div class=\"elementor-widget-container\">\n\t\t\t\t\t\t\t\t\t<div class=\"elementor-button-wrapper\">\n\t\t\t\t\t<a class=\"elementor-button elementor-size-sm\" role=\"button\">\n\t\t\t\t\t\t<span class=\"elementor-button-content-wrapper\">\n\t\t\t\t\t\t\t\t\t<span class=\"elementor-button-text\">SOLICITA UNA REUNI\u00d3N<\/span>\n\t\t\t\t\t<\/span>\n\t\t\t\t\t<\/a>\n\t\t\t\t<\/div>\n\t\t\t\t\t\t\t\t<\/div>\n\t\t\t\t<\/div>\n\t\t\t\t<\/div>\n\t\t\t\t\t<\/div>\n\t\t\t\t<\/div>\n\t\t<div class=\"elementor-element elementor-element-6e0c79b e-flex e-con-boxed e-con e-parent\" data-id=\"6e0c79b\" data-element_type=\"container\" data-e-type=\"container\" data-settings=\"{&quot;background_background&quot;:&quot;classic&quot;,&quot;background_motion_fx_motion_fx_scrolling&quot;:&quot;yes&quot;,&quot;background_motion_fx_scale_effect&quot;:&quot;yes&quot;,&quot;background_motion_fx_scale_direction&quot;:&quot;in-out-in&quot;,&quot;background_motion_fx_scale_speed&quot;:{&quot;unit&quot;:&quot;px&quot;,&quot;size&quot;:3,&quot;sizes&quot;:[]},&quot;background_motion_fx_scale_range&quot;:{&quot;unit&quot;:&quot;%&quot;,&quot;size&quot;:&quot;&quot;,&quot;sizes&quot;:{&quot;start&quot;:78,&quot;end&quot;:100}},&quot;background_motion_fx_devices&quot;:[&quot;desktop&quot;,&quot;tablet&quot;,&quot;mobile&quot;]}\">\n\t\t\t\t\t<div class=\"e-con-inner\">\n\t\t\t\t\t<\/div>\n\t\t\t\t<\/div>\n\t\t<div class=\"elementor-element elementor-element-6f3cd16 e-flex e-con-boxed e-con e-parent\" data-id=\"6f3cd16\" data-element_type=\"container\" data-e-type=\"container\">\n\t\t\t\t\t<div class=\"e-con-inner\">\n\t\t<div class=\"elementor-element elementor-element-22a84c4 e-con-full e-flex e-con e-child\" data-id=\"22a84c4\" data-element_type=\"container\" data-e-type=\"container\">\n\t\t\t\t<div class=\"elementor-element elementor-element-669ba87 elementor-widget elementor-widget-image\" data-id=\"669ba87\" data-element_type=\"widget\" data-e-type=\"widget\" data-widget_type=\"image.default\">\n\t\t\t\t<div class=\"elementor-widget-container\">\n\t\t\t\t\t\t\t\t\t\t\t\t\t\t\t<img decoding=\"async\" width=\"657\" height=\"439\" src=\"https:\/\/www.m2builders.com\/wp-content\/uploads\/2024\/08\/shutterstock_1894920616.jpg\" class=\"attachment-large size-large wp-image-244\" alt=\"Experts in new constructions\" srcset=\"https:\/\/www.m2builders.com\/wp-content\/uploads\/2024\/08\/shutterstock_1894920616.jpg 657w, https:\/\/www.m2builders.com\/wp-content\/uploads\/2024\/08\/shutterstock_1894920616-300x200.jpg 300w\" sizes=\"(max-width: 657px) 100vw, 657px\" \/>\t\t\t\t\t\t\t\t\t\t\t\t\t\t\t<\/div>\n\t\t\t\t<\/div>\n\t\t\t\t<\/div>\n\t\t<div class=\"elementor-element elementor-element-6103825 e-con-full e-flex e-con e-child\" data-id=\"6103825\" data-element_type=\"container\" data-e-type=\"container\">\n\t\t\t\t<div class=\"elementor-element elementor-element-3501011 elementor-widget elementor-widget-heading\" data-id=\"3501011\" data-element_type=\"widget\" data-e-type=\"widget\" data-widget_type=\"heading.default\">\n\t\t\t\t<div class=\"elementor-widget-container\">\n\t\t\t\t\t<h2 class=\"elementor-heading-title elementor-size-default\">EXPERTOS EN CONSTRUCCIONES DE OBRA NUEVA\n<\/h2>\t\t\t\t<\/div>\n\t\t\t\t<\/div>\n\t\t\t\t<div class=\"elementor-element elementor-element-42b81e0 elementor-widget elementor-widget-text-editor\" data-id=\"42b81e0\" data-element_type=\"widget\" data-e-type=\"widget\" data-widget_type=\"text-editor.default\">\n\t\t\t\t<div class=\"elementor-widget-container\">\n\t\t\t\t\t\t\t\t\t<p>Nuestro objetivo es establecer nuevos niveles de calidad, bienestar y eficiencia energ\u00e9tica que inspiren a las siguientes generaciones, garantizando al mismo tiempo plazos de entrega mucho m\u00e1s r\u00e1pidos.<\/p><p>Todos nuestros proyectos son construidos por nuestro equipo propio de constructores internacionales, utilizando las \u00faltimas t\u00e9cnicas y materiales de construcci\u00f3n sostenible para ofrecerte la propiedad de tus sue\u00f1os, acabada de acuerdo a nuestros est\u00e1ndares m\u00e1s exigentes. <\/p>\t\t\t\t\t\t\t\t<\/div>\n\t\t\t\t<\/div>\n\t\t\t\t<\/div>\n\t\t\t\t\t<\/div>\n\t\t\t\t<\/div>\n\t\t<div class=\"elementor-element elementor-element-2db58a0 e-flex e-con-boxed e-con e-parent\" data-id=\"2db58a0\" data-element_type=\"container\" data-e-type=\"container\">\n\t\t\t\t\t<div class=\"e-con-inner\">\n\t\t<div class=\"elementor-element elementor-element-351740d e-con-full e-flex e-con e-child\" data-id=\"351740d\" data-element_type=\"container\" data-e-type=\"container\">\n\t\t\t\t<div class=\"elementor-element elementor-element-075a7b8 elementor-widget elementor-widget-heading\" data-id=\"075a7b8\" data-element_type=\"widget\" data-e-type=\"widget\" data-widget_type=\"heading.default\">\n\t\t\t\t<div class=\"elementor-widget-container\">\n\t\t\t\t\t<h2 class=\"elementor-heading-title elementor-size-default\">PRESUPUESTOS DETALLADOS Y PERSONALIZADOS\n<\/h2>\t\t\t\t<\/div>\n\t\t\t\t<\/div>\n\t\t\t\t<div class=\"elementor-element elementor-element-757dbc7 elementor-widget elementor-widget-text-editor\" data-id=\"757dbc7\" data-element_type=\"widget\" data-e-type=\"widget\" data-widget_type=\"text-editor.default\">\n\t\t\t\t<div class=\"elementor-widget-container\">\n\t\t\t\t\t\t\t\t\t<p>El \u00e9xito de cualquier proyecto de renovaci\u00f3n y construcci\u00f3n depende de una clara comunicaci\u00f3n para garantizar que todas las partes entienden perfectamente el proyecto, los procesos y el precio.<br>Por ello, m2Builders proporciona a todos sus clientes presupuestos detallados que incluyen fotograf\u00edas, descripciones detalladas del proyecto y los costes asociados al mismo.<\/p>\n<p>Una vez aceptado el presupuesto, te garantizamos que ese ser\u00e1 el importe que tendr\u00e1s que abonar. <\/p>\t\t\t\t\t\t\t\t<\/div>\n\t\t\t\t<\/div>\n\t\t\t\t<\/div>\n\t\t<div class=\"elementor-element elementor-element-391018c e-con-full e-flex e-con e-child\" data-id=\"391018c\" data-element_type=\"container\" data-e-type=\"container\">\n\t\t\t\t<div class=\"elementor-element elementor-element-858dbc5 elementor-widget elementor-widget-image\" data-id=\"858dbc5\" data-element_type=\"widget\" data-e-type=\"widget\" data-widget_type=\"image.default\">\n\t\t\t\t<div class=\"elementor-widget-container\">\n\t\t\t\t\t\t\t\t\t\t\t\t\t\t\t<img decoding=\"async\" width=\"657\" height=\"439\" src=\"https:\/\/www.m2builders.com\/wp-content\/uploads\/2024\/08\/shutterstock_277549817.jpg\" class=\"attachment-large size-large wp-image-246\" alt=\"Detailed personalised quotes\" srcset=\"https:\/\/www.m2builders.com\/wp-content\/uploads\/2024\/08\/shutterstock_277549817.jpg 657w, https:\/\/www.m2builders.com\/wp-content\/uploads\/2024\/08\/shutterstock_277549817-300x200.jpg 300w\" sizes=\"(max-width: 657px) 100vw, 657px\" \/>\t\t\t\t\t\t\t\t\t\t\t\t\t\t\t<\/div>\n\t\t\t\t<\/div>\n\t\t\t\t<\/div>\n\t\t\t\t\t<\/div>\n\t\t\t\t<\/div>\n\t\t<div class=\"elementor-element elementor-element-2c808dd e-flex e-con-boxed e-con e-parent\" data-id=\"2c808dd\" data-element_type=\"container\" data-e-type=\"container\">\n\t\t\t\t\t<div class=\"e-con-inner\">\n\t\t\t\t<div class=\"elementor-element elementor-element-c4e0b82 elementor-invisible elementor-widget elementor-widget-heading\" data-id=\"c4e0b82\" data-element_type=\"widget\" data-e-type=\"widget\" data-settings=\"{&quot;_animation&quot;:&quot;slideInUp&quot;}\" data-widget_type=\"heading.default\">\n\t\t\t\t<div class=\"elementor-widget-container\">\n\t\t\t\t\t<h2 class=\"elementor-heading-title elementor-size-default\">Entregamos en plazo y dentro del presupuesto\n<\/h2>\t\t\t\t<\/div>\n\t\t\t\t<\/div>\n\t\t\t\t<div class=\"elementor-element elementor-element-3eaac23 elementor-align-center elementor-invisible elementor-widget elementor-widget-button\" data-id=\"3eaac23\" data-element_type=\"widget\" data-e-type=\"widget\" data-settings=\"{&quot;_animation&quot;:&quot;rotateInUpLeft&quot;}\" data-widget_type=\"button.default\">\n\t\t\t\t<div class=\"elementor-widget-container\">\n\t\t\t\t\t\t\t\t\t<div class=\"elementor-button-wrapper\">\n\t\t\t\t\t<a class=\"elementor-button elementor-size-sm\" role=\"button\">\n\t\t\t\t\t\t<span class=\"elementor-button-content-wrapper\">\n\t\t\t\t\t\t\t\t\t<span class=\"elementor-button-text\">SOLICITA UNA REUNI\u00d3N<\/span>\n\t\t\t\t\t<\/span>\n\t\t\t\t\t<\/a>\n\t\t\t\t<\/div>\n\t\t\t\t\t\t\t\t<\/div>\n\t\t\t\t<\/div>\n\t\t\t\t\t<\/div>\n\t\t\t\t<\/div>\n\t\t<div class=\"elementor-element elementor-element-a8296b5 e-flex e-con-boxed e-con e-parent\" data-id=\"a8296b5\" data-element_type=\"container\" data-e-type=\"container\">\n\t\t\t\t\t<div class=\"e-con-inner\">\n\t\t\t\t<div class=\"elementor-element elementor-element-901f432 elementor-widget elementor-widget-heading\" data-id=\"901f432\" data-element_type=\"widget\" data-e-type=\"widget\" data-widget_type=\"heading.default\">\n\t\t\t\t<div class=\"elementor-widget-container\">\n\t\t\t\t\t<h2 class=\"elementor-heading-title elementor-size-default\">Conoce a las empresas de nuestro grupo \n<\/h2>\t\t\t\t<\/div>\n\t\t\t\t<\/div>\n\t\t\t\t<div class=\"elementor-element elementor-element-22a584d elementor-invisible elementor-widget elementor-widget-heading\" data-id=\"22a584d\" data-element_type=\"widget\" data-e-type=\"widget\" data-settings=\"{&quot;_animation&quot;:&quot;slideInUp&quot;}\" data-widget_type=\"heading.default\">\n\t\t\t\t<div class=\"elementor-widget-container\">\n\t\t\t\t\t<h2 class=\"elementor-heading-title elementor-size-default\">y descubre todo lo que podemos ofrecer\u2026\n<\/h2>\t\t\t\t<\/div>\n\t\t\t\t<\/div>\n\t\t\t\t<div class=\"elementor-element elementor-element-ba602d6 elementor-widget elementor-widget-text-editor\" data-id=\"ba602d6\" data-element_type=\"widget\" data-e-type=\"widget\" data-widget_type=\"text-editor.default\">\n\t\t\t\t<div class=\"elementor-widget-container\">\n\t\t\t\t\t\t\t\t\t<p>m2Builders es una empresa de construcci\u00f3n y reformas. Esta empresa forma parte de un grupo inmobiliario y constructor de origen dan\u00e9s que opera en todo el sur de Espa\u00f1a. A trav\u00e9s de nuestras empresas asociadas, Marbella &amp; Co y m2Casas, podemos ayudarte a encontrar la mejor propiedad de lujo en Marbella, o si lo prefieres, podemos dise\u00f1ar y construir tu villa a medida en la Costa del Sol. <\/p>\t\t\t\t\t\t\t\t<\/div>\n\t\t\t\t<\/div>\n\t\t\t\t\t<\/div>\n\t\t\t\t<\/div>\n\t\t<div class=\"elementor-element elementor-element-6995f1b e-con-full e-flex e-con e-parent\" data-id=\"6995f1b\" data-element_type=\"container\" data-e-type=\"container\">\n\t\t<div class=\"elementor-element elementor-element-e3a05f6 e-con-full e-flex e-con e-child\" data-id=\"e3a05f6\" data-element_type=\"container\" data-e-type=\"container\" data-settings=\"{&quot;background_background&quot;:&quot;classic&quot;}\">\n\t\t<div class=\"elementor-element elementor-element-63c28e1 e-con-full e-flex e-con e-child\" data-id=\"63c28e1\" data-element_type=\"container\" data-e-type=\"container\">\n\t\t<div class=\"elementor-element elementor-element-4638cc6 e-con-full e-flex e-con e-child\" data-id=\"4638cc6\" data-element_type=\"container\" data-e-type=\"container\">\n\t\t\t\t<div class=\"elementor-element elementor-element-4acae52 elementor-position-left elementor-position-left elementor-vertical-align-middle elementor-widget elementor-widget-image-box\" data-id=\"4acae52\" data-element_type=\"widget\" data-e-type=\"widget\" data-widget_type=\"image-box.default\">\n\t\t\t\t<div class=\"elementor-widget-container\">\n\t\t\t\t\t<div class=\"elementor-image-box-wrapper\"><figure class=\"elementor-image-box-img\"><img loading=\"lazy\" decoding=\"async\" width=\"111\" height=\"111\" src=\"https:\/\/www.m2builders.com\/wp-content\/uploads\/2024\/10\/01-M2Casas-FINAL.png\" class=\"attachment-full size-full wp-image-813\" alt=\"\" \/><\/figure><div class=\"elementor-image-box-content\"><h3 class=\"elementor-image-box-title\">m2Casas<\/h3><p class=\"elementor-image-box-description\">Villas de lujo a medida  \n<\/p><\/div><\/div>\t\t\t\t<\/div>\n\t\t\t\t<\/div>\n\t\t\t\t<div class=\"elementor-element elementor-element-3458bcb elementor-widget elementor-widget-text-editor\" data-id=\"3458bcb\" data-element_type=\"widget\" data-e-type=\"widget\" data-widget_type=\"text-editor.default\">\n\t\t\t\t<div class=\"elementor-widget-container\">\n\t\t\t\t\t\t\t\t\t<p>m2Casas es una empresa constructora e inmobiliaria danesa, especializada en villas a medida, de lujo y sostenibles en la Costa del Sol. Nuestro objetivo es ofrecer villas de dise\u00f1o r\u00e1pidas, eficientes y completamente \u00fanicas, utilizando las \u00faltimas t\u00e9cnicas de construcci\u00f3n y materiales sostenibles. Podemos construir casas m\u00e1s r\u00e1pido, gracias a nuestro sistema de \u00abProyectos de Ejecuci\u00f3n\u00bb, lo que significa que todos los planes est\u00e1n completamente definidos y firmados antes de comenzar la construcci\u00f3n.<br \/>\u2022 Planos arquitect\u00f3nicos gratuitos<br \/>\u2022 Nuestro equipo de expertos<br \/>\u2022 Gesti\u00f3n de proyectos<br \/>\u2022 10 a\u00f1os de garant\u00eda de la estructura<br \/>\u2022 3 a\u00f1os de garant\u00eda obra nueva para arreglar defectos ocultos<br \/>\u2022 Posventa \/ reparaci\u00f3n <br \/>\u2022 Tecnolog\u00eda de IA<\/p>\t\t\t\t\t\t\t\t<\/div>\n\t\t\t\t<\/div>\n\t\t\t\t<div class=\"elementor-element elementor-element-578c120 elementor-align-left elementor-invisible elementor-widget elementor-widget-button\" data-id=\"578c120\" data-element_type=\"widget\" data-e-type=\"widget\" data-settings=\"{&quot;_animation&quot;:&quot;rotateInUpLeft&quot;}\" data-widget_type=\"button.default\">\n\t\t\t\t<div class=\"elementor-widget-container\">\n\t\t\t\t\t\t\t\t\t<div class=\"elementor-button-wrapper\">\n\t\t\t\t\t<a class=\"elementor-button elementor-button-link elementor-size-sm\" href=\"https:\/\/www.m2casas.com\/es\/\" target=\"_blank\" rel=\"noopener\">\n\t\t\t\t\t\t<span class=\"elementor-button-content-wrapper\">\n\t\t\t\t\t\t\t\t\t<span class=\"elementor-button-text\">DESCUBRE M\u00c1S<\/span>\n\t\t\t\t\t<\/span>\n\t\t\t\t\t<\/a>\n\t\t\t\t<\/div>\n\t\t\t\t\t\t\t\t<\/div>\n\t\t\t\t<\/div>\n\t\t\t\t<\/div>\n\t\t<div class=\"elementor-element elementor-element-f640b5e e-con-full e-flex e-con e-child\" data-id=\"f640b5e\" data-element_type=\"container\" data-e-type=\"container\">\n\t\t\t\t<div class=\"elementor-element elementor-element-89ab088 elementor-widget elementor-widget-image\" data-id=\"89ab088\" data-element_type=\"widget\" data-e-type=\"widget\" data-widget_type=\"image.default\">\n\t\t\t\t<div class=\"elementor-widget-container\">\n\t\t\t\t\t\t\t\t\t\t\t\t\t\t\t<img loading=\"lazy\" decoding=\"async\" width=\"318\" height=\"261\" src=\"https:\/\/www.m2builders.com\/wp-content\/uploads\/2024\/10\/Mask-Group-511.jpg\" class=\"attachment-full size-full wp-image-812\" alt=\"\" srcset=\"https:\/\/www.m2builders.com\/wp-content\/uploads\/2024\/10\/Mask-Group-511.jpg 318w, https:\/\/www.m2builders.com\/wp-content\/uploads\/2024\/10\/Mask-Group-511-300x246.jpg 300w\" sizes=\"(max-width: 318px) 100vw, 318px\" \/>\t\t\t\t\t\t\t\t\t\t\t\t\t\t\t<\/div>\n\t\t\t\t<\/div>\n\t\t\t\t<div class=\"elementor-element elementor-element-8aaa4d5 elementor-widget elementor-widget-image\" data-id=\"8aaa4d5\" data-element_type=\"widget\" data-e-type=\"widget\" data-widget_type=\"image.default\">\n\t\t\t\t<div class=\"elementor-widget-container\">\n\t\t\t\t\t\t\t\t\t\t\t\t\t\t\t<img loading=\"lazy\" decoding=\"async\" width=\"318\" height=\"261\" src=\"https:\/\/www.m2builders.com\/wp-content\/uploads\/2024\/10\/Mask-Group-512.jpg\" class=\"attachment-full size-full wp-image-809\" alt=\"\" srcset=\"https:\/\/www.m2builders.com\/wp-content\/uploads\/2024\/10\/Mask-Group-512.jpg 318w, https:\/\/www.m2builders.com\/wp-content\/uploads\/2024\/10\/Mask-Group-512-300x246.jpg 300w\" sizes=\"(max-width: 318px) 100vw, 318px\" \/>\t\t\t\t\t\t\t\t\t\t\t\t\t\t\t<\/div>\n\t\t\t\t<\/div>\n\t\t\t\t<div class=\"elementor-element elementor-element-c7fc4de elementor-widget elementor-widget-image\" data-id=\"c7fc4de\" data-element_type=\"widget\" data-e-type=\"widget\" data-widget_type=\"image.default\">\n\t\t\t\t<div class=\"elementor-widget-container\">\n\t\t\t\t\t\t\t\t\t\t\t\t\t\t\t<img loading=\"lazy\" decoding=\"async\" width=\"318\" height=\"261\" src=\"https:\/\/www.m2builders.com\/wp-content\/uploads\/2024\/10\/Mask-Group-513.jpg\" class=\"attachment-full size-full wp-image-806\" alt=\"\" srcset=\"https:\/\/www.m2builders.com\/wp-content\/uploads\/2024\/10\/Mask-Group-513.jpg 318w, https:\/\/www.m2builders.com\/wp-content\/uploads\/2024\/10\/Mask-Group-513-300x246.jpg 300w\" sizes=\"(max-width: 318px) 100vw, 318px\" \/>\t\t\t\t\t\t\t\t\t\t\t\t\t\t\t<\/div>\n\t\t\t\t<\/div>\n\t\t\t\t<\/div>\n\t\t\t\t<\/div>\n\t\t\t\t<\/div>\n\t\t<div class=\"elementor-element elementor-element-f27f732 e-con-full e-flex e-con e-child\" data-id=\"f27f732\" data-element_type=\"container\" data-e-type=\"container\" data-settings=\"{&quot;background_background&quot;:&quot;classic&quot;}\">\n\t\t\t\t<div class=\"elementor-element elementor-element-1a66edf elementor-position-left elementor-vertical-align-middle elementor-widget elementor-widget-image-box\" data-id=\"1a66edf\" data-element_type=\"widget\" data-e-type=\"widget\" data-widget_type=\"image-box.default\">\n\t\t\t\t<div class=\"elementor-widget-container\">\n\t\t\t\t\t<div class=\"elementor-image-box-wrapper\"><figure class=\"elementor-image-box-img\"><img loading=\"lazy\" decoding=\"async\" width=\"377\" height=\"135\" src=\"https:\/\/www.m2builders.com\/wp-content\/uploads\/2024\/10\/Image-2.png\" class=\"attachment-full size-full wp-image-795\" alt=\"\" srcset=\"https:\/\/www.m2builders.com\/wp-content\/uploads\/2024\/10\/Image-2.png 377w, https:\/\/www.m2builders.com\/wp-content\/uploads\/2024\/10\/Image-2-300x107.png 300w\" sizes=\"(max-width: 377px) 100vw, 377px\" \/><\/figure><div class=\"elementor-image-box-content\"><h3 class=\"elementor-image-box-title\">Agencia inmobiliaria de lujo Costa del Sol <\/h3><\/div><\/div>\t\t\t\t<\/div>\n\t\t\t\t<\/div>\n\t\t\t\t<div class=\"elementor-element elementor-element-b87a5d5 elementor-widget elementor-widget-text-editor\" data-id=\"b87a5d5\" data-element_type=\"widget\" data-e-type=\"widget\" data-widget_type=\"text-editor.default\">\n\t\t\t\t<div class=\"elementor-widget-container\">\n\t\t\t\t\t\t\t\t\t<p>Marbella &amp; Co es una empresa de capital y gesti\u00f3n danesa fundada en 1997 que ofrece servicios inmobiliarios de alto nivel a clientes internacionales. Actualmente, la empresa es una inmobiliaria de lujo en Marbella y est\u00e1 especializado en villas de lujo en venta en Marbella y sus alrededores.<\/p><p>\u2022 Agencia de lujo con centrada en el comprador<br \/>\u2022 Amplio cat\u00e1logo<br \/>\u2022 Transparencia<br \/>\u2022 Ventanilla \u00fanica<br \/>\u2022 Propiedades de lujo en Marbella,<br \/>Benahavis and Estepona<br \/>\u2022 Equipo experto <\/p>\t\t\t\t\t\t\t\t<\/div>\n\t\t\t\t<\/div>\n\t\t\t\t<div class=\"elementor-element elementor-element-a26e061 elementor-align-left elementor-invisible elementor-widget elementor-widget-button\" data-id=\"a26e061\" data-element_type=\"widget\" data-e-type=\"widget\" data-settings=\"{&quot;_animation&quot;:&quot;rotateInUpLeft&quot;}\" data-widget_type=\"button.default\">\n\t\t\t\t<div class=\"elementor-widget-container\">\n\t\t\t\t\t\t\t\t\t<div class=\"elementor-button-wrapper\">\n\t\t\t\t\t<a class=\"elementor-button elementor-button-link elementor-size-sm\" href=\"https:\/\/www.marbellaco.com\/es\/\" target=\"_blank\" rel=\"noopener\">\n\t\t\t\t\t\t<span class=\"elementor-button-content-wrapper\">\n\t\t\t\t\t\t\t\t\t<span class=\"elementor-button-text\">DESCUBRE M\u00c1S<\/span>\n\t\t\t\t\t<\/span>\n\t\t\t\t\t<\/a>\n\t\t\t\t<\/div>\n\t\t\t\t\t\t\t\t<\/div>\n\t\t\t\t<\/div>\n\t\t\t\t<\/div>\n\t\t\t\t<\/div>\n\t\t\t\t<\/div>\n\t\t","protected":false},"excerpt":{"rendered":"<p>SOBRE M2BUILDERS CONSTRUCCI\u00d3N Y REFORMAS PROFESIONALES EN LA COSTA DEL SOL m2Builders es una empresa internacional de construcci\u00f3n y reformas con amplia experiencia en construcci\u00f3n de edificaciones nuevas y en la realizaci\u00f3n de grandes proyectos de reformas en la Costa del Sol. Nuestro equipo internacional de expertos est\u00e1 formado por arquitectos, ingenieros, juristas, administradores y [&hellip;]<\/p>\n","protected":false},"author":2,"featured_media":0,"parent":0,"menu_order":0,"comment_status":"closed","ping_status":"closed","template":"elementor_header_footer","meta":{"footnotes":""},"class_list":["post-906","page","type-page","status-publish","hentry"],"_links":{"self":[{"href":"https:\/\/www.m2builders.com\/es\/wp-json\/wp\/v2\/pages\/906","targetHints":{"allow":["GET"]}}],"collection":[{"href":"https:\/\/www.m2builders.com\/es\/wp-json\/wp\/v2\/pages"}],"about":[{"href":"https:\/\/www.m2builders.com\/es\/wp-json\/wp\/v2\/types\/page"}],"author":[{"embeddable":true,"href":"https:\/\/www.m2builders.com\/es\/wp-json\/wp\/v2\/users\/2"}],"replies":[{"embeddable":true,"href":"https:\/\/www.m2builders.com\/es\/wp-json\/wp\/v2\/comments?post=906"}],"version-history":[{"count":19,"href":"https:\/\/www.m2builders.com\/es\/wp-json\/wp\/v2\/pages\/906\/revisions"}],"predecessor-version":[{"id":972,"href":"https:\/\/www.m2builders.com\/es\/wp-json\/wp\/v2\/pages\/906\/revisions\/972"}],"wp:attachment":[{"href":"https:\/\/www.m2builders.com\/es\/wp-json\/wp\/v2\/media?parent=906"}],"curies":[{"name":"wp","href":"https:\/\/api.w.org\/{rel}","templated":true}]}}