{"id":1189,"date":"2024-10-01T11:51:24","date_gmt":"2024-10-01T10:51:24","guid":{"rendered":"https:\/\/www.m2builders.com\/about-us\/"},"modified":"2025-01-17T10:32:54","modified_gmt":"2025-01-17T10:32:54","slug":"about-us","status":"publish","type":"page","link":"https:\/\/www.m2builders.com\/pl\/about-us\/","title":{"rendered":"O NAS"},"content":{"rendered":"\t\t<div data-elementor-type=\"wp-page\" data-elementor-id=\"1189\" class=\"elementor elementor-1189 elementor-788\" data-elementor-post-type=\"page\">\n\t\t\t\t<div class=\"elementor-element elementor-element-cbd682e e-flex e-con-boxed e-con e-parent\" data-id=\"cbd682e\" data-element_type=\"container\" data-e-type=\"container\">\n\t\t\t\t\t<div class=\"e-con-inner\">\n\t\t<div class=\"elementor-element elementor-element-fb6a09f e-con-full e-flex e-con e-child\" data-id=\"fb6a09f\" data-element_type=\"container\" data-e-type=\"container\">\n\t\t\t\t<div class=\"elementor-element elementor-element-c27b68d elementor-widget elementor-widget-image\" data-id=\"c27b68d\" data-element_type=\"widget\" data-e-type=\"widget\" data-widget_type=\"image.default\">\n\t\t\t\t<div class=\"elementor-widget-container\">\n\t\t\t\t\t\t\t\t\t\t\t\t\t\t\t<img fetchpriority=\"high\" decoding=\"async\" width=\"599\" height=\"839\" src=\"https:\/\/www.m2builders.com\/wp-content\/uploads\/2024\/08\/archhitect-With-logo.jpg\" class=\"attachment-large size-large wp-image-95\" alt=\"transforming houses and buildings\" srcset=\"https:\/\/www.m2builders.com\/wp-content\/uploads\/2024\/08\/archhitect-With-logo.jpg 599w, https:\/\/www.m2builders.com\/wp-content\/uploads\/2024\/08\/archhitect-With-logo-214x300.jpg 214w\" sizes=\"(max-width: 599px) 100vw, 599px\" \/>\t\t\t\t\t\t\t\t\t\t\t\t\t\t\t<\/div>\n\t\t\t\t<\/div>\n\t\t\t\t<\/div>\n\t\t<div class=\"elementor-element elementor-element-c4fd9b8 e-con-full animated-slow e-flex elementor-invisible e-con e-child\" data-id=\"c4fd9b8\" data-element_type=\"container\" data-e-type=\"container\" data-settings=\"{&quot;animation&quot;:&quot;zoomIn&quot;}\">\n\t\t\t\t<div class=\"elementor-element elementor-element-956beb1 elementor-widget elementor-widget-heading\" data-id=\"956beb1\" data-element_type=\"widget\" data-e-type=\"widget\" data-widget_type=\"heading.default\">\n\t\t\t\t<div class=\"elementor-widget-container\">\n\t\t\t\t\t<h2 class=\"elementor-heading-title elementor-size-default\">O M2-BUILDERS<\/h2>\t\t\t\t<\/div>\n\t\t\t\t<\/div>\n\t\t\t\t<div class=\"elementor-element elementor-element-0e9f34e elementor-widget elementor-widget-heading\" data-id=\"0e9f34e\" data-element_type=\"widget\" data-e-type=\"widget\" data-widget_type=\"heading.default\">\n\t\t\t\t<div class=\"elementor-widget-container\">\n\t\t\t\t\t<h2 class=\"elementor-heading-title elementor-size-default\">PROFESJONALNA BUDOWA I REMONT NA COSTA DEL SOL\n<\/h2>\t\t\t\t<\/div>\n\t\t\t\t<\/div>\n\t\t\t\t<div class=\"elementor-element elementor-element-0ae7828 elementor-widget elementor-widget-text-editor\" data-id=\"0ae7828\" data-element_type=\"widget\" data-e-type=\"widget\" data-widget_type=\"text-editor.default\">\n\t\t\t\t<div class=\"elementor-widget-container\">\n\t\t\t\t\t\t\t\t\t<p>m2-Builders specjalizuje si\u0119 w budowie dom\u00f3w i nowych projektach deweloperskich, oferuj\u0105c kompleksowe us\u0142ugi remontowe i budowlane na terenie ca\u0142ej Costa del Sol. Nasz do\u015bwiadczony zesp\u00f3\u0142, sk\u0142adaj\u0105cy si\u0119 z in\u017cynier\u00f3w, architekt\u00f3w i w pe\u0142ni wyszkolonych mi\u0119dzynarodowych wykonawc\u00f3w, oferuje kompleksowe rozwi\u0105zania dla wszystkich potrzeb zwi\u0105zanych z budow\u0105 nieruchomo\u015bci w Hiszpanii.<\/p><p>\u2022 Architekci i in\u017cynierowie w zespole.<br \/>\u2022 Do\u015bwiadczony mi\u0119dzynarodowy zesp\u00f3\u0142 budowlany.<br \/>\u2022 Wszystkie us\u0142ugi w jednym miejscu.<br \/>\u2022 Pe\u0142na licencja, zgodno\u015b\u0107 z przepisami budowlanymi.<br \/>\u2022 Zr\u00f3wnowa\u017cone i innowacyjne techniki budowlane.<br \/>\u2022 Szybka i efektywna realizacja.<\/p>\t\t\t\t\t\t\t\t<\/div>\n\t\t\t\t<\/div>\n\t\t\t\t<div class=\"elementor-element elementor-element-adae058 elementor-align-left elementor-widget elementor-widget-button\" data-id=\"adae058\" data-element_type=\"widget\" data-e-type=\"widget\" data-widget_type=\"button.default\">\n\t\t\t\t<div class=\"elementor-widget-container\">\n\t\t\t\t\t\t\t\t\t<div class=\"elementor-button-wrapper\">\n\t\t\t\t\t<a class=\"elementor-button elementor-button-link elementor-size-sm\" href=\"#elementor-action%3Aaction%3Dpopup%3Aopen%26settings%3DeyJpZCI6MTQyMiwidG9nZ2xlIjpmYWxzZX0%3D\">\n\t\t\t\t\t\t<span class=\"elementor-button-content-wrapper\">\n\t\t\t\t\t\t\t\t\t<span class=\"elementor-button-text\">UM\u00d3W SPOTKANIE<\/span>\n\t\t\t\t\t<\/span>\n\t\t\t\t\t<\/a>\n\t\t\t\t<\/div>\n\t\t\t\t\t\t\t\t<\/div>\n\t\t\t\t<\/div>\n\t\t\t\t<\/div>\n\t\t\t\t\t<\/div>\n\t\t\t\t<\/div>\n\t\t<div class=\"elementor-element elementor-element-6e0c79b e-flex e-con-boxed e-con e-parent\" data-id=\"6e0c79b\" data-element_type=\"container\" data-e-type=\"container\" data-settings=\"{&quot;background_background&quot;:&quot;classic&quot;,&quot;background_motion_fx_motion_fx_scrolling&quot;:&quot;yes&quot;,&quot;background_motion_fx_scale_effect&quot;:&quot;yes&quot;,&quot;background_motion_fx_scale_direction&quot;:&quot;in-out-in&quot;,&quot;background_motion_fx_scale_speed&quot;:{&quot;unit&quot;:&quot;px&quot;,&quot;size&quot;:3,&quot;sizes&quot;:[]},&quot;background_motion_fx_scale_range&quot;:{&quot;unit&quot;:&quot;%&quot;,&quot;size&quot;:&quot;&quot;,&quot;sizes&quot;:{&quot;start&quot;:78,&quot;end&quot;:100}},&quot;background_motion_fx_devices&quot;:[&quot;desktop&quot;,&quot;tablet&quot;,&quot;mobile&quot;]}\">\n\t\t\t\t\t<div class=\"e-con-inner\">\n\t\t\t\t\t<\/div>\n\t\t\t\t<\/div>\n\t\t<div class=\"elementor-element elementor-element-56e6d8d e-flex e-con-boxed e-con e-parent\" data-id=\"56e6d8d\" data-element_type=\"container\" data-e-type=\"container\">\n\t\t\t\t\t<div class=\"e-con-inner\">\n\t\t<div class=\"elementor-element elementor-element-9acadec e-con-full e-flex e-con e-child\" data-id=\"9acadec\" data-element_type=\"container\" data-e-type=\"container\">\n\t\t\t\t<div class=\"elementor-element elementor-element-ab04735 elementor-widget elementor-widget-image\" data-id=\"ab04735\" data-element_type=\"widget\" data-e-type=\"widget\" data-widget_type=\"image.default\">\n\t\t\t\t<div class=\"elementor-widget-container\">\n\t\t\t\t\t\t\t\t\t\t\t\t\t\t\t<img decoding=\"async\" width=\"657\" height=\"439\" src=\"https:\/\/www.m2builders.com\/wp-content\/uploads\/2024\/08\/shutterstock_1894920616.jpg\" class=\"attachment-large size-large wp-image-1218\" alt=\"\" srcset=\"https:\/\/www.m2builders.com\/wp-content\/uploads\/2024\/08\/shutterstock_1894920616.jpg 657w, https:\/\/www.m2builders.com\/wp-content\/uploads\/2024\/08\/shutterstock_1894920616-300x200.jpg 300w\" sizes=\"(max-width: 657px) 100vw, 657px\" \/>\t\t\t\t\t\t\t\t\t\t\t\t\t\t\t<\/div>\n\t\t\t\t<\/div>\n\t\t\t\t<\/div>\n\t\t<div class=\"elementor-element elementor-element-b67d4f3 e-con-full animated-slow e-flex elementor-invisible e-con e-child\" data-id=\"b67d4f3\" data-element_type=\"container\" data-e-type=\"container\" data-settings=\"{&quot;animation&quot;:&quot;zoomIn&quot;}\">\n\t\t\t\t<div class=\"elementor-element elementor-element-f33d1b4 elementor-widget elementor-widget-heading\" data-id=\"f33d1b4\" data-element_type=\"widget\" data-e-type=\"widget\" data-widget_type=\"heading.default\">\n\t\t\t\t<div class=\"elementor-widget-container\">\n\t\t\t\t\t<h2 class=\"elementor-heading-title elementor-size-default\">Eksperci w nowych inwestycjach<\/h2>\t\t\t\t<\/div>\n\t\t\t\t<\/div>\n\t\t\t\t<div class=\"elementor-element elementor-element-dba5813 elementor-widget elementor-widget-text-editor\" data-id=\"dba5813\" data-element_type=\"widget\" data-e-type=\"widget\" data-widget_type=\"text-editor.default\">\n\t\t\t\t<div class=\"elementor-widget-container\">\n\t\t\t\t\t\t\t\t\t<p>Naszym celem jest ustanowienie nowych standard\u00f3w jako\u015bci, komfortu i efektywno\u015bci energetycznej, kt\u00f3re zainspiruj\u0105 przysz\u0142e pokolenia, jednocze\u015bnie gwarantuj\u0105c znacznie kr\u00f3tszy czas realizacji.<\/p><p>Wszystkie nasze projekty s\u0105 realizowane przez nasz zesp\u00f3\u0142 mi\u0119dzynarodowych wykonawc\u00f3w, wykorzystuj\u0105cych najnowsze zr\u00f3wnowa\u017cone techniki budowlane i materia\u0142y, aby dostarczy\u0107 nieruchomo\u015b\u0107 Twoich marze\u0144, wykonan\u0105 zgodnie z najwy\u017cszymi standardami.<\/p>\t\t\t\t\t\t\t\t<\/div>\n\t\t\t\t<\/div>\n\t\t\t\t<\/div>\n\t\t\t\t\t<\/div>\n\t\t\t\t<\/div>\n\t\t<div class=\"elementor-element elementor-element-d254a08 e-flex e-con-boxed e-con e-parent\" data-id=\"d254a08\" data-element_type=\"container\" data-e-type=\"container\">\n\t\t\t\t\t<div class=\"e-con-inner\">\n\t\t<div class=\"elementor-element elementor-element-10a8a78 e-con-full animated-slow e-flex elementor-invisible e-con e-child\" data-id=\"10a8a78\" data-element_type=\"container\" data-e-type=\"container\" data-settings=\"{&quot;animation&quot;:&quot;zoomIn&quot;}\">\n\t\t\t\t<div class=\"elementor-element elementor-element-fa4148a elementor-widget elementor-widget-heading\" data-id=\"fa4148a\" data-element_type=\"widget\" data-e-type=\"widget\" data-widget_type=\"heading.default\">\n\t\t\t\t<div class=\"elementor-widget-container\">\n\t\t\t\t\t<h2 class=\"elementor-heading-title elementor-size-default\">Szczeg\u00f3\u0142owe i spersonalizowane wyceny<\/h2>\t\t\t\t<\/div>\n\t\t\t\t<\/div>\n\t\t\t\t<div class=\"elementor-element elementor-element-2944d9b elementor-widget elementor-widget-text-editor\" data-id=\"2944d9b\" data-element_type=\"widget\" data-e-type=\"widget\" data-widget_type=\"text-editor.default\">\n\t\t\t\t<div class=\"elementor-widget-container\">\n\t\t\t\t\t\t\t\t\t<p>Ka\u017cdy udany projekt remontowy i budowlany opiera si\u0119 na jasnej komunikacji, aby zapewni\u0107 wszystkim stronom pe\u0142ne zrozumienie projektu, proces\u00f3w i koszt\u00f3w.<br \/>Dlatego m2-Builders dostarcza klientom szczeg\u00f3\u0142owe wyceny, zawieraj\u0105ce zdj\u0119cia, dok\u0142adne opisy projektu i zwi\u0105zane z nim koszty.<\/p><p>Gdy tylko wycena zostanie zatwierdzona, gwarantujemy, \u017ce to jest cena, kt\u00f3r\u0105 zap\u0142acisz!<\/p>\t\t\t\t\t\t\t\t<\/div>\n\t\t\t\t<\/div>\n\t\t\t\t<\/div>\n\t\t<div class=\"elementor-element elementor-element-67464a9 e-con-full e-flex e-con e-child\" data-id=\"67464a9\" data-element_type=\"container\" data-e-type=\"container\">\n\t\t\t\t<div class=\"elementor-element elementor-element-74a701b elementor-widget elementor-widget-image\" data-id=\"74a701b\" data-element_type=\"widget\" data-e-type=\"widget\" data-widget_type=\"image.default\">\n\t\t\t\t<div class=\"elementor-widget-container\">\n\t\t\t\t\t\t\t\t\t\t\t\t\t\t\t<img decoding=\"async\" width=\"657\" height=\"439\" src=\"https:\/\/www.m2builders.com\/wp-content\/uploads\/2024\/08\/shutterstock_277549817.jpg\" class=\"attachment-large size-large wp-image-1217\" alt=\"\" srcset=\"https:\/\/www.m2builders.com\/wp-content\/uploads\/2024\/08\/shutterstock_277549817.jpg 657w, https:\/\/www.m2builders.com\/wp-content\/uploads\/2024\/08\/shutterstock_277549817-300x200.jpg 300w\" sizes=\"(max-width: 657px) 100vw, 657px\" \/>\t\t\t\t\t\t\t\t\t\t\t\t\t\t\t<\/div>\n\t\t\t\t<\/div>\n\t\t\t\t<\/div>\n\t\t\t\t\t<\/div>\n\t\t\t\t<\/div>\n\t\t<div class=\"elementor-element elementor-element-3b5d422 e-flex e-con-boxed e-con e-parent\" data-id=\"3b5d422\" data-element_type=\"container\" data-e-type=\"container\">\n\t\t\t\t\t<div class=\"e-con-inner\">\n\t\t\t\t<div class=\"elementor-element elementor-element-78d2394 elementor-invisible elementor-widget elementor-widget-heading\" data-id=\"78d2394\" data-element_type=\"widget\" data-e-type=\"widget\" data-settings=\"{&quot;_animation&quot;:&quot;slideInUp&quot;}\" data-widget_type=\"heading.default\">\n\t\t\t\t<div class=\"elementor-widget-container\">\n\t\t\t\t\t<h2 class=\"elementor-heading-title elementor-size-default\">Dostarczamy na czas i w ramach bud\u017cetu.<\/h2>\t\t\t\t<\/div>\n\t\t\t\t<\/div>\n\t\t\t\t<div class=\"elementor-element elementor-element-2272ba1 elementor-align-center elementor-invisible elementor-widget elementor-widget-button\" data-id=\"2272ba1\" data-element_type=\"widget\" data-e-type=\"widget\" data-settings=\"{&quot;_animation&quot;:&quot;rotateInUpLeft&quot;}\" data-widget_type=\"button.default\">\n\t\t\t\t<div class=\"elementor-widget-container\">\n\t\t\t\t\t\t\t\t\t<div class=\"elementor-button-wrapper\">\n\t\t\t\t\t<a class=\"elementor-button elementor-button-link elementor-size-sm\" href=\"https:\/\/www.m2builders.com\/pl\/contact\/\">\n\t\t\t\t\t\t<span class=\"elementor-button-content-wrapper\">\n\t\t\t\t\t\t\t\t\t<span class=\"elementor-button-text\">UM\u00d3W SPOTKANIE<\/span>\n\t\t\t\t\t<\/span>\n\t\t\t\t\t<\/a>\n\t\t\t\t<\/div>\n\t\t\t\t\t\t\t\t<\/div>\n\t\t\t\t<\/div>\n\t\t\t\t\t<\/div>\n\t\t\t\t<\/div>\n\t\t<div class=\"elementor-element elementor-element-a8296b5 e-flex e-con-boxed e-con e-parent\" data-id=\"a8296b5\" data-element_type=\"container\" data-e-type=\"container\">\n\t\t\t\t\t<div class=\"e-con-inner\">\n\t\t\t\t<div class=\"elementor-element elementor-element-901f432 elementor-widget elementor-widget-heading\" data-id=\"901f432\" data-element_type=\"widget\" data-e-type=\"widget\" data-widget_type=\"heading.default\">\n\t\t\t\t<div class=\"elementor-widget-container\">\n\t\t\t\t\t<h2 class=\"elementor-heading-title elementor-size-default\">POZNAJ NASZE SIOSTRZANE FIRMY<\/h2>\t\t\t\t<\/div>\n\t\t\t\t<\/div>\n\t\t\t\t<div class=\"elementor-element elementor-element-22a584d elementor-invisible elementor-widget elementor-widget-heading\" data-id=\"22a584d\" data-element_type=\"widget\" data-e-type=\"widget\" data-settings=\"{&quot;_animation&quot;:&quot;slideInUp&quot;}\" data-widget_type=\"heading.default\">\n\t\t\t\t<div class=\"elementor-widget-container\">\n\t\t\t\t\t<h2 class=\"elementor-heading-title elementor-size-default\">i zobacz szerszy obraz...<\/h2>\t\t\t\t<\/div>\n\t\t\t\t<\/div>\n\t\t\t\t<div class=\"elementor-element elementor-element-ba602d6 elementor-widget elementor-widget-text-editor\" data-id=\"ba602d6\" data-element_type=\"widget\" data-e-type=\"widget\" data-widget_type=\"text-editor.default\">\n\t\t\t\t<div class=\"elementor-widget-container\">\n\t\t\t\t\t\t\t\t\t<p>m2Builders to oddzia\u0142 budowlany i renowacyjny du\u0144skiej grupy nieruchomo\u015bci i budownictwa dzia\u0142aj\u0105cej w po\u0142udniowej Hiszpanii. Poprzez nasze sp\u00f3\u0142ki siostrzane, Marbella &amp; Co i m2Casas, mo\u017cemy pom\u00f3c Ci znale\u017a\u0107 najlepsz\u0105 luksusow\u0105 nieruchomo\u015b\u0107 w Marbelli lub, je\u015bli wolisz, mo\u017cemy zaprojektowa\u0107 i zbudowa\u0107 Twoj\u0105 will\u0119 szyt\u0105 na miar\u0119 na Costa del Sol.<\/p>\t\t\t\t\t\t\t\t<\/div>\n\t\t\t\t<\/div>\n\t\t\t\t\t<\/div>\n\t\t\t\t<\/div>\n\t\t<div class=\"elementor-element elementor-element-6995f1b e-con-full e-flex e-con e-parent\" data-id=\"6995f1b\" data-element_type=\"container\" data-e-type=\"container\">\n\t\t<div class=\"elementor-element elementor-element-e3a05f6 e-con-full e-flex e-con e-child\" data-id=\"e3a05f6\" data-element_type=\"container\" data-e-type=\"container\" data-settings=\"{&quot;background_background&quot;:&quot;classic&quot;}\">\n\t\t<div class=\"elementor-element elementor-element-63c28e1 e-con-full e-flex e-con e-child\" data-id=\"63c28e1\" data-element_type=\"container\" data-e-type=\"container\">\n\t\t<div class=\"elementor-element elementor-element-4638cc6 e-con-full e-flex e-con e-child\" data-id=\"4638cc6\" data-element_type=\"container\" data-e-type=\"container\">\n\t\t\t\t<div class=\"elementor-element elementor-element-4acae52 elementor-position-left elementor-position-left elementor-vertical-align-middle elementor-widget elementor-widget-image-box\" data-id=\"4acae52\" data-element_type=\"widget\" data-e-type=\"widget\" data-widget_type=\"image-box.default\">\n\t\t\t\t<div class=\"elementor-widget-container\">\n\t\t\t\t\t<div class=\"elementor-image-box-wrapper\"><figure class=\"elementor-image-box-img\"><img loading=\"lazy\" decoding=\"async\" width=\"111\" height=\"111\" src=\"https:\/\/www.m2builders.com\/wp-content\/uploads\/2024\/10\/01-M2Casas-FINAL.png\" class=\"attachment-full size-full wp-image-813\" alt=\"\" \/><\/figure><div class=\"elementor-image-box-content\"><h3 class=\"elementor-image-box-title\">m2Casas<\/h3><p class=\"elementor-image-box-description\">Luksusowe wille \nszyte na miar\u0119<\/p><\/div><\/div>\t\t\t\t<\/div>\n\t\t\t\t<\/div>\n\t\t\t\t<div class=\"elementor-element elementor-element-3458bcb elementor-widget elementor-widget-text-editor\" data-id=\"3458bcb\" data-element_type=\"widget\" data-e-type=\"widget\" data-widget_type=\"text-editor.default\">\n\t\t\t\t<div class=\"elementor-widget-container\">\n\t\t\t\t\t\t\t\t\t<p>m2Casas jest du\u0144sk\u0105 firm\u0105 dewelopersk\u0105 i budowlan\u0105 specjalizuj\u0105c\u0105 si\u0119 w budowie luksusowych willi szytych na miar\u0119 na Costa del Sol. Naszym celem jest szybkie dostarczanie, wydajnych i ca\u0142kowicie unikalnych dom\u00f3w na zam\u00f3wienie, przy u\u017cyciu najnowszych technik budowlanych i zr\u00f3wnowa\u017conych materia\u0142\u00f3w. Mo\u017cemy budowa\u0107 szybciej, poniewa\u017c tworzymy &#8222;projekty wykonawcze&#8221;, co oznacza, \u017ce wszystkie plany s\u0105 w pe\u0142ni zdefiniowane i podpisane przed rozpocz\u0119ciem budowy<\/p><p>\u2022 Bezp\u0142atne plany architektoniczne<br \/>\u2022 Zespo\u0142y ekspert\u00f3w<br \/>\u2022 Zarz\u0105dzanie projektem<br \/>\u2022 10-letnia gwarancja na konstrukcj\u0119<br \/>\u2022 3-letnia gwarancja na wady ukryte<br \/>\u2022 Obs\u0142uga posprzeda\u017cna \/ usuwanie usterek<br \/>\u2022 Technologia AI<\/p>\t\t\t\t\t\t\t\t<\/div>\n\t\t\t\t<\/div>\n\t\t\t\t<div class=\"elementor-element elementor-element-578c120 elementor-align-left elementor-invisible elementor-widget elementor-widget-button\" data-id=\"578c120\" data-element_type=\"widget\" data-e-type=\"widget\" data-settings=\"{&quot;_animation&quot;:&quot;rotateInUpLeft&quot;}\" data-widget_type=\"button.default\">\n\t\t\t\t<div class=\"elementor-widget-container\">\n\t\t\t\t\t\t\t\t\t<div class=\"elementor-button-wrapper\">\n\t\t\t\t\t<a class=\"elementor-button elementor-button-link elementor-size-sm\" href=\"https:\/\/www.m2casas.com\/en\/\" target=\"_blank\" rel=\"noopener\">\n\t\t\t\t\t\t<span class=\"elementor-button-content-wrapper\">\n\t\t\t\t\t\t\t\t\t<span class=\"elementor-button-text\">DOWIEDZ SI\u0118 WI\u0118CEJ<\/span>\n\t\t\t\t\t<\/span>\n\t\t\t\t\t<\/a>\n\t\t\t\t<\/div>\n\t\t\t\t\t\t\t\t<\/div>\n\t\t\t\t<\/div>\n\t\t\t\t<\/div>\n\t\t<div class=\"elementor-element elementor-element-f640b5e e-con-full e-flex e-con e-child\" data-id=\"f640b5e\" data-element_type=\"container\" data-e-type=\"container\">\n\t\t\t\t<div class=\"elementor-element elementor-element-89ab088 elementor-widget elementor-widget-image\" data-id=\"89ab088\" data-element_type=\"widget\" data-e-type=\"widget\" data-widget_type=\"image.default\">\n\t\t\t\t<div class=\"elementor-widget-container\">\n\t\t\t\t\t\t\t\t\t\t\t\t\t\t\t<img loading=\"lazy\" decoding=\"async\" width=\"318\" height=\"261\" src=\"https:\/\/www.m2builders.com\/wp-content\/uploads\/2024\/10\/Mask-Group-511.jpg\" class=\"attachment-full size-full wp-image-1236\" alt=\"\" srcset=\"https:\/\/www.m2builders.com\/wp-content\/uploads\/2024\/10\/Mask-Group-511.jpg 318w, https:\/\/www.m2builders.com\/wp-content\/uploads\/2024\/10\/Mask-Group-511-300x246.jpg 300w\" sizes=\"(max-width: 318px) 100vw, 318px\" \/>\t\t\t\t\t\t\t\t\t\t\t\t\t\t\t<\/div>\n\t\t\t\t<\/div>\n\t\t\t\t<div class=\"elementor-element elementor-element-8aaa4d5 elementor-widget elementor-widget-image\" data-id=\"8aaa4d5\" data-element_type=\"widget\" data-e-type=\"widget\" data-widget_type=\"image.default\">\n\t\t\t\t<div class=\"elementor-widget-container\">\n\t\t\t\t\t\t\t\t\t\t\t\t\t\t\t<img loading=\"lazy\" decoding=\"async\" width=\"318\" height=\"261\" src=\"https:\/\/www.m2builders.com\/wp-content\/uploads\/2024\/10\/Mask-Group-512.jpg\" class=\"attachment-full size-full wp-image-1235\" alt=\"\" srcset=\"https:\/\/www.m2builders.com\/wp-content\/uploads\/2024\/10\/Mask-Group-512.jpg 318w, https:\/\/www.m2builders.com\/wp-content\/uploads\/2024\/10\/Mask-Group-512-300x246.jpg 300w\" sizes=\"(max-width: 318px) 100vw, 318px\" \/>\t\t\t\t\t\t\t\t\t\t\t\t\t\t\t<\/div>\n\t\t\t\t<\/div>\n\t\t\t\t<div class=\"elementor-element elementor-element-c7fc4de elementor-widget elementor-widget-image\" data-id=\"c7fc4de\" data-element_type=\"widget\" data-e-type=\"widget\" data-widget_type=\"image.default\">\n\t\t\t\t<div class=\"elementor-widget-container\">\n\t\t\t\t\t\t\t\t\t\t\t\t\t\t\t<img loading=\"lazy\" decoding=\"async\" width=\"318\" height=\"261\" src=\"https:\/\/www.m2builders.com\/wp-content\/uploads\/2024\/10\/Mask-Group-513.jpg\" class=\"attachment-full size-full wp-image-1234\" alt=\"\" srcset=\"https:\/\/www.m2builders.com\/wp-content\/uploads\/2024\/10\/Mask-Group-513.jpg 318w, https:\/\/www.m2builders.com\/wp-content\/uploads\/2024\/10\/Mask-Group-513-300x246.jpg 300w\" sizes=\"(max-width: 318px) 100vw, 318px\" \/>\t\t\t\t\t\t\t\t\t\t\t\t\t\t\t<\/div>\n\t\t\t\t<\/div>\n\t\t\t\t<\/div>\n\t\t\t\t<\/div>\n\t\t\t\t<\/div>\n\t\t<div class=\"elementor-element elementor-element-f27f732 e-con-full e-flex e-con e-child\" data-id=\"f27f732\" data-element_type=\"container\" data-e-type=\"container\" data-settings=\"{&quot;background_background&quot;:&quot;classic&quot;}\">\n\t\t\t\t<div class=\"elementor-element elementor-element-1a66edf elementor-position-left elementor-vertical-align-middle elementor-widget elementor-widget-image-box\" data-id=\"1a66edf\" data-element_type=\"widget\" data-e-type=\"widget\" data-widget_type=\"image-box.default\">\n\t\t\t\t<div class=\"elementor-widget-container\">\n\t\t\t\t\t<div class=\"elementor-image-box-wrapper\"><figure class=\"elementor-image-box-img\"><img loading=\"lazy\" decoding=\"async\" width=\"377\" height=\"135\" src=\"https:\/\/www.m2builders.com\/wp-content\/uploads\/2024\/10\/Image-2.png\" class=\"attachment-full size-full wp-image-795\" alt=\"\" srcset=\"https:\/\/www.m2builders.com\/wp-content\/uploads\/2024\/10\/Image-2.png 377w, https:\/\/www.m2builders.com\/wp-content\/uploads\/2024\/10\/Image-2-300x107.png 300w\" sizes=\"(max-width: 377px) 100vw, 377px\" \/><\/figure><div class=\"elementor-image-box-content\"><h3 class=\"elementor-image-box-title\">Agentem luksusowych Costa del Sol<\/h3><\/div><\/div>\t\t\t\t<\/div>\n\t\t\t\t<\/div>\n\t\t\t\t<div class=\"elementor-element elementor-element-b87a5d5 elementor-widget elementor-widget-text-editor\" data-id=\"b87a5d5\" data-element_type=\"widget\" data-e-type=\"widget\" data-widget_type=\"text-editor.default\">\n\t\t\t\t<div class=\"elementor-widget-container\">\n\t\t\t\t\t\t\t\t\t<p>Marbella &amp; Co to firma du\u0144ska, zarz\u0105dzana przez w\u0142a\u015bcicieli, kt\u00f3ra zosta\u0142a za\u0142o\u017cona w 1997 roku i \u015bwiadczy wysokiej klasy us\u0142ugi nieruchomo\u015bciowe dla mi\u0119dzynarodowych klient\u00f3w. Dzi\u015b nasza firma jest ekskluzywnym agentem nieruchomo\u015bci specjalizuj\u0105cym si\u0119 w luksusowych nieruchomo\u015bciach na sprzeda\u017c w Marbelli i okolicach.<\/p><p>\u2022 Agencja nieruchomo\u015bci luksusowych zorientowana na kupuj\u0105cego<br \/>\u2022 Obszerne portfolio<br \/>\u2022 Przejrzysto\u015b\u0107<br \/>\u2022 Kompleksowa obs\u0142uga<br \/>\u2022 Nieruchomo\u015bci luksusowe w Marbelli, Benahavis i Esteponie<br \/>\u2022 Zesp\u00f3\u0142 ekspert\u00f3w<\/p>\t\t\t\t\t\t\t\t<\/div>\n\t\t\t\t<\/div>\n\t\t\t\t<div class=\"elementor-element elementor-element-a26e061 elementor-align-left elementor-invisible elementor-widget elementor-widget-button\" data-id=\"a26e061\" data-element_type=\"widget\" data-e-type=\"widget\" data-settings=\"{&quot;_animation&quot;:&quot;rotateInUpLeft&quot;}\" data-widget_type=\"button.default\">\n\t\t\t\t<div class=\"elementor-widget-container\">\n\t\t\t\t\t\t\t\t\t<div class=\"elementor-button-wrapper\">\n\t\t\t\t\t<a class=\"elementor-button elementor-button-link elementor-size-sm\" href=\"https:\/\/www.marbellaco.com\/\" target=\"_blank\" rel=\"noopener\">\n\t\t\t\t\t\t<span class=\"elementor-button-content-wrapper\">\n\t\t\t\t\t\t\t\t\t<span class=\"elementor-button-text\">DOWIEDZ SI\u0118 WI\u0118CEJ<\/span>\n\t\t\t\t\t<\/span>\n\t\t\t\t\t<\/a>\n\t\t\t\t<\/div>\n\t\t\t\t\t\t\t\t<\/div>\n\t\t\t\t<\/div>\n\t\t\t\t<\/div>\n\t\t\t\t<\/div>\n\t\t\t\t<\/div>\n\t\t","protected":false},"excerpt":{"rendered":"<p>O M2-BUILDERS PROFESJONALNA BUDOWA I REMONT NA COSTA DEL SOL m2-Builders specjalizuje si\u0119 w budowie dom\u00f3w i nowych projektach deweloperskich, oferuj\u0105c kompleksowe us\u0142ugi remontowe i budowlane na terenie ca\u0142ej Costa del Sol. Nasz do\u015bwiadczony zesp\u00f3\u0142, sk\u0142adaj\u0105cy si\u0119 z in\u017cynier\u00f3w, architekt\u00f3w i w pe\u0142ni wyszkolonych mi\u0119dzynarodowych wykonawc\u00f3w, oferuje kompleksowe rozwi\u0105zania dla wszystkich potrzeb zwi\u0105zanych z budow\u0105 [&hellip;]<\/p>\n","protected":false},"author":2,"featured_media":0,"parent":0,"menu_order":0,"comment_status":"closed","ping_status":"closed","template":"elementor_header_footer","meta":{"footnotes":""},"class_list":["post-1189","page","type-page","status-publish","hentry"],"_links":{"self":[{"href":"https:\/\/www.m2builders.com\/pl\/wp-json\/wp\/v2\/pages\/1189","targetHints":{"allow":["GET"]}}],"collection":[{"href":"https:\/\/www.m2builders.com\/pl\/wp-json\/wp\/v2\/pages"}],"about":[{"href":"https:\/\/www.m2builders.com\/pl\/wp-json\/wp\/v2\/types\/page"}],"author":[{"embeddable":true,"href":"https:\/\/www.m2builders.com\/pl\/wp-json\/wp\/v2\/users\/2"}],"replies":[{"embeddable":true,"href":"https:\/\/www.m2builders.com\/pl\/wp-json\/wp\/v2\/comments?post=1189"}],"version-history":[{"count":9,"href":"https:\/\/www.m2builders.com\/pl\/wp-json\/wp\/v2\/pages\/1189\/revisions"}],"predecessor-version":[{"id":1371,"href":"https:\/\/www.m2builders.com\/pl\/wp-json\/wp\/v2\/pages\/1189\/revisions\/1371"}],"wp:attachment":[{"href":"https:\/\/www.m2builders.com\/pl\/wp-json\/wp\/v2\/media?parent=1189"}],"curies":[{"name":"wp","href":"https:\/\/api.w.org\/{rel}","templated":true}]}}